{"id":12987,"date":"2021-02-05T11:45:24","date_gmt":"2021-02-05T11:45:24","guid":{"rendered":"https:\/\/motron-motorcycles.com\/home-page\/"},"modified":"2024-06-04T11:19:57","modified_gmt":"2024-06-04T11:19:57","slug":"home-page","status":"publish","type":"page","link":"https:\/\/motron-motorcycles.com\/cs\/","title":{"rendered":"Home Page"},"content":{"rendered":"","protected":false},"excerpt":{"rendered":"","protected":false},"author":1,"featured_media":0,"parent":0,"menu_order":121,"comment_status":"closed","ping_status":"closed","template":"template-home.php","meta":{"ngg_post_thumbnail":0,"footnotes":""},"class_list":["post-12987","page","type-page","status-publish","hentry"],"acf":{"content_loop":[{"acf_fc_layout":"key_visual","image":{"ID":4914,"id":4914,"title":"Motron_KeyVisual_categories_Header","filename":"Motron_KeyVisual_categories_Header.jpg","filesize":299393,"url":"https:\/\/motron-motorcycles.com\/wp-content\/uploads\/2021\/09\/Motron_KeyVisual_categories_Header.jpg","link":"https:\/\/motron-motorcycles.com\/cs\/home-page\/motron_keyvisual_categories_header-2\/","alt":"Motron Home Page","author":"2","description":"","caption":"","name":"motron_keyvisual_categories_header-2","status":"inherit","uploaded_to":14,"date":"2021-09-23 14:38:47","modified":"2023-01-10 09:47:12","menu_order":0,"mime_type":"image\/jpeg","type":"image","subtype":"jpeg","icon":"https:\/\/motron-motorcycles.com\/wp-includes\/images\/media\/default.png","width":2000,"height":1414,"sizes":{"thumbnail":"https:\/\/motron-motorcycles.com\/wp-content\/uploads\/2021\/09\/Motron_KeyVisual_categories_Header-150x150.jpg","thumbnail-width":150,"thumbnail-height":150,"medium":"https:\/\/motron-motorcycles.com\/wp-content\/uploads\/2021\/09\/Motron_KeyVisual_categories_Header-300x212.jpg","medium-width":300,"medium-height":212,"medium_large":"https:\/\/motron-motorcycles.com\/wp-content\/uploads\/2021\/09\/Motron_KeyVisual_categories_Header-768x543.jpg","medium_large-width":640,"medium_large-height":453,"large":"https:\/\/motron-motorcycles.com\/wp-content\/uploads\/2021\/09\/Motron_KeyVisual_categories_Header-1024x724.jpg","large-width":640,"large-height":453,"1536x1536":"https:\/\/motron-motorcycles.com\/wp-content\/uploads\/2021\/09\/Motron_KeyVisual_categories_Header-1536x1086.jpg","1536x1536-width":1536,"1536x1536-height":1086,"2048x2048":"https:\/\/motron-motorcycles.com\/wp-content\/uploads\/2021\/09\/Motron_KeyVisual_categories_Header.jpg","2048x2048-width":2000,"2048x2048-height":1414}},"image_portrait":{"ID":4914,"id":4914,"title":"Motron_KeyVisual_categories_Header","filename":"Motron_KeyVisual_categories_Header.jpg","filesize":299393,"url":"https:\/\/motron-motorcycles.com\/wp-content\/uploads\/2021\/09\/Motron_KeyVisual_categories_Header.jpg","link":"https:\/\/motron-motorcycles.com\/cs\/home-page\/motron_keyvisual_categories_header-2\/","alt":"Motron Home Page","author":"2","description":"","caption":"","name":"motron_keyvisual_categories_header-2","status":"inherit","uploaded_to":14,"date":"2021-09-23 14:38:47","modified":"2023-01-10 09:47:12","menu_order":0,"mime_type":"image\/jpeg","type":"image","subtype":"jpeg","icon":"https:\/\/motron-motorcycles.com\/wp-includes\/images\/media\/default.png","width":2000,"height":1414,"sizes":{"thumbnail":"https:\/\/motron-motorcycles.com\/wp-content\/uploads\/2021\/09\/Motron_KeyVisual_categories_Header-150x150.jpg","thumbnail-width":150,"thumbnail-height":150,"medium":"https:\/\/motron-motorcycles.com\/wp-content\/uploads\/2021\/09\/Motron_KeyVisual_categories_Header-300x212.jpg","medium-width":300,"medium-height":212,"medium_large":"https:\/\/motron-motorcycles.com\/wp-content\/uploads\/2021\/09\/Motron_KeyVisual_categories_Header-768x543.jpg","medium_large-width":640,"medium_large-height":453,"large":"https:\/\/motron-motorcycles.com\/wp-content\/uploads\/2021\/09\/Motron_KeyVisual_categories_Header-1024x724.jpg","large-width":640,"large-height":453,"1536x1536":"https:\/\/motron-motorcycles.com\/wp-content\/uploads\/2021\/09\/Motron_KeyVisual_categories_Header-1536x1086.jpg","1536x1536-width":1536,"1536x1536-height":1086,"2048x2048":"https:\/\/motron-motorcycles.com\/wp-content\/uploads\/2021\/09\/Motron_KeyVisual_categories_Header.jpg","2048x2048-width":2000,"2048x2048-height":1414}}},{"acf_fc_layout":"intro_text","left_column":"<h2>GET<br \/>\nOUT<br \/>\nTAM.<\/h2>\n","right_column":"<p>K \u010dertu s t\u00edm, \u017ee jsi cel\u00fd \u017eivot cestuj\u00edc\u00ed. U\u017e \u017e\u00e1dn\u00e9 \u010dek\u00e1n\u00ed na to, a\u017e se n\u011bco stane. Motron je zp\u016fsob, jak p\u0159estat b\u00fdt spolujezdcem a za\u010d\u00edt se \u0159\u00eddit podle sebe. Tak si nastartujte prvn\u00ed po\u0159\u00e1dnou d\u00e1vku adrenalinu a p\u0159ipravte se nechat nudu za sebou.<\/p>\n<p>Ka\u017ed\u00e9 oto\u010den\u00ed plynovou rukojet\u00ed je odvaha. \u00dat\u011bk dom\u016f. Zapome\u0148te se ubytovat. Ztra\u0165te se na nov\u00e9m m\u00edst\u011b. Vyrazte ven.<\/p>\n","left_cta":"","right_cta":{"title":"Let's talk","url":"https:\/\/motron-motorcycles.com\/contact\/","target":""}}],"range_title":"Na str\u00e1nk\u00e1ch<br \/>\r\nRozsah","video_background":false,"footer_video":""},"yoast_head":"<!-- This site is optimized with the Yoast SEO plugin v25.3 - https:\/\/yoast.com\/wordpress\/plugins\/seo\/ -->\n<title>Motron Motorcycles - Get out there<\/title>\n<meta name=\"description\" content=\"Every twist of the throttle is a dare. Escape home. Forget to check in. Get lost somewhere new. Get out there.\" \/>\n<meta name=\"robots\" content=\"index, follow, max-snippet:-1, max-image-preview:large, max-video-preview:-1\" \/>\n<link rel=\"canonical\" href=\"https:\/\/motron-motorcycles.com\/cs\/\" \/>\n<meta property=\"og:locale\" content=\"cs_CZ\" \/>\n<meta property=\"og:type\" content=\"article\" \/>\n<meta property=\"og:title\" content=\"Motron Motorcycles\" \/>\n<meta property=\"og:description\" content=\"Every twist of the throttle is a dare. Escape home. Forget to check in. Get lost somewhere new. Get out there.\" \/>\n<meta property=\"og:url\" content=\"https:\/\/motron-motorcycles.com\/cs\/\" \/>\n<meta property=\"og:site_name\" content=\"Motron Motorcycles\" \/>\n<meta property=\"article:modified_time\" content=\"2024-06-04T11:19:57+00:00\" \/>\n<meta name=\"twitter:card\" content=\"summary_large_image\" \/>\n<meta name=\"twitter:title\" content=\"Motron Motorcycles\" \/>\n<meta name=\"twitter:description\" content=\"Every twist of the throttle is a dare. Escape home. Forget to check in. Get lost somewhere new. Get out there.\" \/>\n<script type=\"application\/ld+json\" class=\"yoast-schema-graph\">{\"@context\":\"https:\/\/schema.org\",\"@graph\":[{\"@type\":\"WebPage\",\"@id\":\"https:\/\/motron-motorcycles.com\/cs\/\",\"url\":\"https:\/\/motron-motorcycles.com\/cs\/\",\"name\":\"Motron Motorcycles - Get out there\",\"isPartOf\":{\"@id\":\"https:\/\/motron-motorcycles.com\/#website\"},\"datePublished\":\"2021-02-05T11:45:24+00:00\",\"dateModified\":\"2024-06-04T11:19:57+00:00\",\"description\":\"Every twist of the throttle is a dare. Escape home. Forget to check in. Get lost somewhere new. Get out there.\",\"breadcrumb\":{\"@id\":\"https:\/\/motron-motorcycles.com\/cs\/#breadcrumb\"},\"inLanguage\":\"cs\",\"potentialAction\":[{\"@type\":\"ReadAction\",\"target\":[\"https:\/\/motron-motorcycles.com\/cs\/\"]}]},{\"@type\":\"BreadcrumbList\",\"@id\":\"https:\/\/motron-motorcycles.com\/cs\/#breadcrumb\",\"itemListElement\":[{\"@type\":\"ListItem\",\"position\":1,\"name\":\"Home\",\"item\":\"https:\/\/motron-motorcycles.com\/cs\/\"},{\"@type\":\"ListItem\",\"position\":2,\"name\":\"Home Page\"}]},{\"@type\":\"WebSite\",\"@id\":\"https:\/\/motron-motorcycles.com\/#website\",\"url\":\"https:\/\/motron-motorcycles.com\/\",\"name\":\"Motron Motorcycles\",\"description\":\"Motron Motorcycles - Get out there!\",\"potentialAction\":[{\"@type\":\"SearchAction\",\"target\":{\"@type\":\"EntryPoint\",\"urlTemplate\":\"https:\/\/motron-motorcycles.com\/?s={search_term_string}\"},\"query-input\":{\"@type\":\"PropertyValueSpecification\",\"valueRequired\":true,\"valueName\":\"search_term_string\"}}],\"inLanguage\":\"cs\"}]}<\/script>\n<!-- \/ Yoast SEO plugin. -->","yoast_head_json":{"title":"Motron Motorcycles - Get out there","description":"Every twist of the throttle is a dare. Escape home. Forget to check in. Get lost somewhere new. Get out there.","robots":{"index":"index","follow":"follow","max-snippet":"max-snippet:-1","max-image-preview":"max-image-preview:large","max-video-preview":"max-video-preview:-1"},"canonical":"https:\/\/motron-motorcycles.com\/cs\/","og_locale":"cs_CZ","og_type":"article","og_title":"Motron Motorcycles","og_description":"Every twist of the throttle is a dare. Escape home. Forget to check in. Get lost somewhere new. Get out there.","og_url":"https:\/\/motron-motorcycles.com\/cs\/","og_site_name":"Motron Motorcycles","article_modified_time":"2024-06-04T11:19:57+00:00","twitter_card":"summary_large_image","twitter_title":"Motron Motorcycles","twitter_description":"Every twist of the throttle is a dare. Escape home. Forget to check in. Get lost somewhere new. Get out there.","schema":{"@context":"https:\/\/schema.org","@graph":[{"@type":"WebPage","@id":"https:\/\/motron-motorcycles.com\/cs\/","url":"https:\/\/motron-motorcycles.com\/cs\/","name":"Motron Motorcycles - Get out there","isPartOf":{"@id":"https:\/\/motron-motorcycles.com\/#website"},"datePublished":"2021-02-05T11:45:24+00:00","dateModified":"2024-06-04T11:19:57+00:00","description":"Every twist of the throttle is a dare. Escape home. Forget to check in. Get lost somewhere new. Get out there.","breadcrumb":{"@id":"https:\/\/motron-motorcycles.com\/cs\/#breadcrumb"},"inLanguage":"cs","potentialAction":[{"@type":"ReadAction","target":["https:\/\/motron-motorcycles.com\/cs\/"]}]},{"@type":"BreadcrumbList","@id":"https:\/\/motron-motorcycles.com\/cs\/#breadcrumb","itemListElement":[{"@type":"ListItem","position":1,"name":"Home","item":"https:\/\/motron-motorcycles.com\/cs\/"},{"@type":"ListItem","position":2,"name":"Home Page"}]},{"@type":"WebSite","@id":"https:\/\/motron-motorcycles.com\/#website","url":"https:\/\/motron-motorcycles.com\/","name":"Motron Motorcycles","description":"Motron Motorcycles - Get out there!","potentialAction":[{"@type":"SearchAction","target":{"@type":"EntryPoint","urlTemplate":"https:\/\/motron-motorcycles.com\/?s={search_term_string}"},"query-input":{"@type":"PropertyValueSpecification","valueRequired":true,"valueName":"search_term_string"}}],"inLanguage":"cs"}]}},"_links":{"self":[{"href":"https:\/\/motron-motorcycles.com\/cs\/wp-json\/wp\/v2\/pages\/12987","targetHints":{"allow":["GET"]}}],"collection":[{"href":"https:\/\/motron-motorcycles.com\/cs\/wp-json\/wp\/v2\/pages"}],"about":[{"href":"https:\/\/motron-motorcycles.com\/cs\/wp-json\/wp\/v2\/types\/page"}],"author":[{"embeddable":true,"href":"https:\/\/motron-motorcycles.com\/cs\/wp-json\/wp\/v2\/users\/1"}],"replies":[{"embeddable":true,"href":"https:\/\/motron-motorcycles.com\/cs\/wp-json\/wp\/v2\/comments?post=12987"}],"version-history":[{"count":2,"href":"https:\/\/motron-motorcycles.com\/cs\/wp-json\/wp\/v2\/pages\/12987\/revisions"}],"predecessor-version":[{"id":13259,"href":"https:\/\/motron-motorcycles.com\/cs\/wp-json\/wp\/v2\/pages\/12987\/revisions\/13259"}],"wp:attachment":[{"href":"https:\/\/motron-motorcycles.com\/cs\/wp-json\/wp\/v2\/media?parent=12987"}],"curies":[{"name":"wp","href":"https:\/\/api.w.org\/{rel}","templated":true}]}}