{"id":3660,"date":"2021-09-09T09:17:21","date_gmt":"2021-09-09T09:17:21","guid":{"rendered":"https:\/\/motron-motorcycles.com\/afk-challenge\/"},"modified":"2021-10-22T06:55:53","modified_gmt":"2021-10-22T06:55:53","slug":"afk-challenge","status":"publish","type":"page","link":"https:\/\/motron-motorcycles.com\/de_at\/afk-challenge\/","title":{"rendered":"AFK Challenge"},"content":{"rendered":"","protected":false},"excerpt":{"rendered":"","protected":false},"author":2,"featured_media":0,"parent":0,"menu_order":9,"comment_status":"closed","ping_status":"closed","template":"","meta":{"_acf_changed":false,"ngg_post_thumbnail":0,"footnotes":""},"class_list":["post-3660","page","type-page","status-publish","hentry"],"acf":{"content_loop":[{"acf_fc_layout":"key_visual","image":{"ID":3518,"id":3518,"title":"AFK_Motron_KeyVisual_X-Nord_2000x885_b","filename":"AFK_Motron_KeyVisual_X-Nord_2000x885_b.jpg","filesize":239596,"url":"https:\/\/motron-motorcycles.com\/wp-content\/uploads\/2021\/09\/AFK_Motron_KeyVisual_X-Nord_2000x885_b.jpg","link":"https:\/\/motron-motorcycles.com\/de_at\/afk-challenge\/afk_motron_keyvisual_x-nord_2000x885_b\/","alt":"Motron The AFK Challenge","author":"2","description":"","caption":"","name":"afk_motron_keyvisual_x-nord_2000x885_b","status":"inherit","uploaded_to":3448,"date":"2021-09-10 07:09:37","modified":"2022-11-23 12:29:11","menu_order":0,"mime_type":"image\/jpeg","type":"image","subtype":"jpeg","icon":"https:\/\/motron-motorcycles.com\/wp-includes\/images\/media\/default.png","width":2000,"height":885,"sizes":{"thumbnail":"https:\/\/motron-motorcycles.com\/wp-content\/uploads\/2021\/09\/AFK_Motron_KeyVisual_X-Nord_2000x885_b-150x150.jpg","thumbnail-width":150,"thumbnail-height":150,"medium":"https:\/\/motron-motorcycles.com\/wp-content\/uploads\/2021\/09\/AFK_Motron_KeyVisual_X-Nord_2000x885_b-300x133.jpg","medium-width":300,"medium-height":133,"medium_large":"https:\/\/motron-motorcycles.com\/wp-content\/uploads\/2021\/09\/AFK_Motron_KeyVisual_X-Nord_2000x885_b-768x340.jpg","medium_large-width":640,"medium_large-height":283,"large":"https:\/\/motron-motorcycles.com\/wp-content\/uploads\/2021\/09\/AFK_Motron_KeyVisual_X-Nord_2000x885_b-1024x453.jpg","large-width":640,"large-height":283,"1536x1536":"https:\/\/motron-motorcycles.com\/wp-content\/uploads\/2021\/09\/AFK_Motron_KeyVisual_X-Nord_2000x885_b-1536x680.jpg","1536x1536-width":1536,"1536x1536-height":680,"2048x2048":"https:\/\/motron-motorcycles.com\/wp-content\/uploads\/2021\/09\/AFK_Motron_KeyVisual_X-Nord_2000x885_b.jpg","2048x2048-width":2000,"2048x2048-height":885}},"image_portrait":{"ID":3829,"id":3829,"title":"Motron_AFK_animation","filename":"Motron_AFK_animation-1.jpg","filesize":66694,"url":"https:\/\/motron-motorcycles.com\/wp-content\/uploads\/2021\/09\/Motron_AFK_animation-1.jpg","link":"https:\/\/motron-motorcycles.com\/de_at\/home\/motron_afk_animation-2\/","alt":"","author":"2","description":"","caption":"","name":"motron_afk_animation-2","status":"inherit","uploaded_to":677,"date":"2021-09-21 11:28:36","modified":"2021-09-21 11:28:36","menu_order":0,"mime_type":"image\/jpeg","type":"image","subtype":"jpeg","icon":"https:\/\/motron-motorcycles.com\/wp-includes\/images\/media\/default.png","width":600,"height":1000,"sizes":{"thumbnail":"https:\/\/motron-motorcycles.com\/wp-content\/uploads\/2021\/09\/Motron_AFK_animation-1-150x150.jpg","thumbnail-width":150,"thumbnail-height":150,"medium":"https:\/\/motron-motorcycles.com\/wp-content\/uploads\/2021\/09\/Motron_AFK_animation-1-180x300.jpg","medium-width":180,"medium-height":300,"medium_large":"https:\/\/motron-motorcycles.com\/wp-content\/uploads\/2021\/09\/Motron_AFK_animation-1.jpg","medium_large-width":600,"medium_large-height":1000,"large":"https:\/\/motron-motorcycles.com\/wp-content\/uploads\/2021\/09\/Motron_AFK_animation-1.jpg","large-width":600,"large-height":1000,"1536x1536":"https:\/\/motron-motorcycles.com\/wp-content\/uploads\/2021\/09\/Motron_AFK_animation-1.jpg","1536x1536-width":600,"1536x1536-height":1000,"2048x2048":"https:\/\/motron-motorcycles.com\/wp-content\/uploads\/2021\/09\/Motron_AFK_animation-1.jpg","2048x2048-width":600,"2048x2048-height":1000}}},{"acf_fc_layout":"intro_text","left_column":"<h1>Let\u2019s play: AFK<\/h1>\n","right_column":"<p>&nbsp;<\/p>\n<h4>The Game is on \u2013 Get out there.<\/h4>\n<p>Klar, ein Leben ganz away from Keyboard ist auch kein Leben \u2013 das wissen auch wir von Motron Motorcycles. Aber auch AFK wartet eine gro\u00dfartige Open World auf dich, die erkundet werden will. Mach es deinen Gaming-Kollegen gleich und entdecke eine neue Welt auf deiner Motron!<\/p>\n<p>Alle haben einmal als Newbs angefangen. Registriere dich jetzt, erhalte deinen Promo-Code f\u00fcr ein kostenloses Goodie Bag beim Kauf einer Motron und bleibe \u00fcber die wichtigsten News von Motron Motorcycles auf dem Laufenden \u2013 ganz ohne Lag.<\/p>\n","left_cta":"","right_cta":{"title":"Jetzt anmelden!","url":"https:\/\/motron-motorcycles.com\/de\/afk-challenge-sign-up\/","target":""}},{"acf_fc_layout":"intro_text","left_column":"<p><center><img decoding=\"async\" class=\"alignnone size-medium wp-image-3487\" src=\"https:\/\/motron-motorcycles.com\/wp-content\/uploads\/2021\/09\/MicrosoftTeams-image-12-scaled.jpg\" alt=\"\" width=\"100%\" height=\"100%\" \/><\/center><\/p>\n<div>\u00c4nderungen der Motron-Merchandisingartikel in Form und Farbe bleiben vorbehalten.<\/div>\n<p>&nbsp;<\/p>\n","right_column":"<h3>Let\u2019s play \u2013 MOTRON AFK CHALLENGE!<\/h3>\n<p>An der Motron AFK Challenge teilzunehmen ist einfach: W\u00e4hle einfach dein Lieblingsmodell aus unserer umfangreichen Produktpalette (Motorr\u00e4der, Scooter oder Elektrisch), finde den H\u00e4ndler in deiner N\u00e4he und entdecke die Welt auf zwei R\u00e4dern!<\/p>\n<p>Au\u00dferdem bekommst du beim Kauf einer Motron ein gratis Motron Goodie Bag von uns zugeschickt!*<\/p>\n<p>Im Goodie Bag enthalten sind: Motron Hoodie, Tuch, Cap, Tasche und Schl\u00fcsselband.<\/p>\n","left_cta":"","right_cta":{"title":"Jetzt anmelden!","url":"https:\/\/motron-motorcycles.com\/de\/afk-challenge-sign-up\/","target":""}},{"acf_fc_layout":"intro_text","left_column":"<p><center><img decoding=\"async\" class=\"alignnone size-medium wp-image-486\" src=\"https:\/\/motron-motorcycles.com\/wp-content\/uploads\/2021\/09\/xnord-black-1.jpg\" alt=\"Motron Motorcycles - X-Nord 125\" width=\"100%\" height=\"100%\" \/><\/center><\/p>\n","right_column":"<h3>Motron X-Nord<\/h3>\n<p>Mit der X-Nord 125 \u2013 <strong>auch ausgew\u00e4hlt von Sneili Sneils f\u00fcr die AFK Challenge<\/strong> \u2013 hast du nie wieder das Gef\u00fchl in deiner Wohnung festzusitzen!<\/p>\n<p>Gebaut mit einem modernen, steifen Rahmen, will die X-Nord der Stadt entfliehen und mit dir die Landstra\u00dfen erobern. Wo auch immer du unterwegs bist, mit der X-Nord wirst du nirgendwo mehr festsitzen.<\/p>\n","left_cta":"","right_cta":{"title":"Mehr Information!","url":"https:\/\/motron-motorcycles.com\/de\/models\/x-nord-125\/","target":""}},{"acf_fc_layout":"text_section","text":"<p>*Aktion g\u00fcltig in Deutschland, \u00d6sterreich, Schweiz, Italien, Spanien, Frankreich und Belgien im Aktionszeitraum vom 24.9. \u2013 31.10.2021, bis auf Widerruf. M\u00d6GLICHKEIT zum Erhalt eines gratis Motron Goodie Bags (bestehend aus Hoodie, Schal, Cap, Tasche, Schl\u00fcsselband) beim Kauf eines beliebigen Motron Modells, der im Zeitraum zwischen 24.9. und 31.10.2021 get\u00e4tigt wurde, solange der Vorrat reicht. Es besteht kein Anspruch auf den Erhalt der Wunschgr\u00f6\u00dfe des Hoodies. Einsendeschluss ist der 15.11.2021. Die Aktion kann nicht in bar abgel\u00f6st werden oder mit anderen Aktionen kombiniert werden. Der Rechtsweg ist ausgeschlossen.<\/p>\n","background_colour":"background-black"}]},"yoast_head":"<!-- This site is optimized with the Yoast SEO plugin v26.9 - https:\/\/yoast.com\/product\/yoast-seo-wordpress\/ -->\n<title>AFK Challenge - Motron Motorcycles<\/title>\n<meta name=\"robots\" content=\"index, follow, max-snippet:-1, max-image-preview:large, max-video-preview:-1\" \/>\n<link rel=\"canonical\" href=\"https:\/\/motron-motorcycles.com\/de_at\/afk-challenge\/\" \/>\n<meta property=\"og:locale\" content=\"de_DE\" \/>\n<meta property=\"og:type\" content=\"article\" \/>\n<meta property=\"og:title\" content=\"AFK Challenge - Motron Motorcycles\" \/>\n<meta property=\"og:url\" content=\"https:\/\/motron-motorcycles.com\/de_at\/afk-challenge\/\" \/>\n<meta property=\"og:site_name\" content=\"Motron Motorcycles\" \/>\n<meta property=\"article:modified_time\" content=\"2021-10-22T06:55:53+00:00\" \/>\n<meta name=\"twitter:card\" content=\"summary_large_image\" \/>\n<script type=\"application\/ld+json\" class=\"yoast-schema-graph\">{\"@context\":\"https:\/\/schema.org\",\"@graph\":[{\"@type\":\"WebPage\",\"@id\":\"https:\/\/motron-motorcycles.com\/de_at\/afk-challenge\/\",\"url\":\"https:\/\/motron-motorcycles.com\/de_at\/afk-challenge\/\",\"name\":\"AFK Challenge - Motron Motorcycles\",\"isPartOf\":{\"@id\":\"https:\/\/motron-motorcycles.com\/#website\"},\"datePublished\":\"2021-09-09T09:17:21+00:00\",\"dateModified\":\"2021-10-22T06:55:53+00:00\",\"breadcrumb\":{\"@id\":\"https:\/\/motron-motorcycles.com\/de_at\/afk-challenge\/#breadcrumb\"},\"inLanguage\":\"de-AT\",\"potentialAction\":[{\"@type\":\"ReadAction\",\"target\":[\"https:\/\/motron-motorcycles.com\/de_at\/afk-challenge\/\"]}]},{\"@type\":\"BreadcrumbList\",\"@id\":\"https:\/\/motron-motorcycles.com\/de_at\/afk-challenge\/#breadcrumb\",\"itemListElement\":[{\"@type\":\"ListItem\",\"position\":1,\"name\":\"Home\",\"item\":\"https:\/\/motron-motorcycles.com\/de_at\/\"},{\"@type\":\"ListItem\",\"position\":2,\"name\":\"AFK Challenge\"}]},{\"@type\":\"WebSite\",\"@id\":\"https:\/\/motron-motorcycles.com\/#website\",\"url\":\"https:\/\/motron-motorcycles.com\/\",\"name\":\"Motron Motorcycles\",\"description\":\"Motron Motorcycles - Get out there!\",\"potentialAction\":[{\"@type\":\"SearchAction\",\"target\":{\"@type\":\"EntryPoint\",\"urlTemplate\":\"https:\/\/motron-motorcycles.com\/?s={search_term_string}\"},\"query-input\":{\"@type\":\"PropertyValueSpecification\",\"valueRequired\":true,\"valueName\":\"search_term_string\"}}],\"inLanguage\":\"de-AT\"}]}<\/script>\n<!-- \/ Yoast SEO plugin. -->","yoast_head_json":{"title":"AFK Challenge - Motron Motorcycles","robots":{"index":"index","follow":"follow","max-snippet":"max-snippet:-1","max-image-preview":"max-image-preview:large","max-video-preview":"max-video-preview:-1"},"canonical":"https:\/\/motron-motorcycles.com\/de_at\/afk-challenge\/","og_locale":"de_DE","og_type":"article","og_title":"AFK Challenge - Motron Motorcycles","og_url":"https:\/\/motron-motorcycles.com\/de_at\/afk-challenge\/","og_site_name":"Motron Motorcycles","article_modified_time":"2021-10-22T06:55:53+00:00","twitter_card":"summary_large_image","schema":{"@context":"https:\/\/schema.org","@graph":[{"@type":"WebPage","@id":"https:\/\/motron-motorcycles.com\/de_at\/afk-challenge\/","url":"https:\/\/motron-motorcycles.com\/de_at\/afk-challenge\/","name":"AFK Challenge - Motron Motorcycles","isPartOf":{"@id":"https:\/\/motron-motorcycles.com\/#website"},"datePublished":"2021-09-09T09:17:21+00:00","dateModified":"2021-10-22T06:55:53+00:00","breadcrumb":{"@id":"https:\/\/motron-motorcycles.com\/de_at\/afk-challenge\/#breadcrumb"},"inLanguage":"de-AT","potentialAction":[{"@type":"ReadAction","target":["https:\/\/motron-motorcycles.com\/de_at\/afk-challenge\/"]}]},{"@type":"BreadcrumbList","@id":"https:\/\/motron-motorcycles.com\/de_at\/afk-challenge\/#breadcrumb","itemListElement":[{"@type":"ListItem","position":1,"name":"Home","item":"https:\/\/motron-motorcycles.com\/de_at\/"},{"@type":"ListItem","position":2,"name":"AFK Challenge"}]},{"@type":"WebSite","@id":"https:\/\/motron-motorcycles.com\/#website","url":"https:\/\/motron-motorcycles.com\/","name":"Motron Motorcycles","description":"Motron Motorcycles - Get out there!","potentialAction":[{"@type":"SearchAction","target":{"@type":"EntryPoint","urlTemplate":"https:\/\/motron-motorcycles.com\/?s={search_term_string}"},"query-input":{"@type":"PropertyValueSpecification","valueRequired":true,"valueName":"search_term_string"}}],"inLanguage":"de-AT"}]}},"_links":{"self":[{"href":"https:\/\/motron-motorcycles.com\/de_at\/wp-json\/wp\/v2\/pages\/3660","targetHints":{"allow":["GET"]}}],"collection":[{"href":"https:\/\/motron-motorcycles.com\/de_at\/wp-json\/wp\/v2\/pages"}],"about":[{"href":"https:\/\/motron-motorcycles.com\/de_at\/wp-json\/wp\/v2\/types\/page"}],"author":[{"embeddable":true,"href":"https:\/\/motron-motorcycles.com\/de_at\/wp-json\/wp\/v2\/users\/2"}],"replies":[{"embeddable":true,"href":"https:\/\/motron-motorcycles.com\/de_at\/wp-json\/wp\/v2\/comments?post=3660"}],"version-history":[{"count":16,"href":"https:\/\/motron-motorcycles.com\/de_at\/wp-json\/wp\/v2\/pages\/3660\/revisions"}],"predecessor-version":[{"id":5257,"href":"https:\/\/motron-motorcycles.com\/de_at\/wp-json\/wp\/v2\/pages\/3660\/revisions\/5257"}],"wp:attachment":[{"href":"https:\/\/motron-motorcycles.com\/de_at\/wp-json\/wp\/v2\/media?parent=3660"}],"curies":[{"name":"wp","href":"https:\/\/api.w.org\/{rel}","templated":true}]}}