{"id":810,"date":"2021-02-05T11:45:24","date_gmt":"2021-02-05T11:45:24","guid":{"rendered":"https:\/\/motron-motorcycles.com\/home\/"},"modified":"2021-11-10T12:06:37","modified_gmt":"2021-11-10T12:06:37","slug":"home-page","status":"publish","type":"page","link":"https:\/\/motron-motorcycles.com\/de_at\/","title":{"rendered":"Home Page"},"content":{"rendered":"","protected":false},"excerpt":{"rendered":"","protected":false},"author":1,"featured_media":0,"parent":0,"menu_order":121,"comment_status":"closed","ping_status":"closed","template":"template-home.php","meta":{"_acf_changed":false,"ngg_post_thumbnail":0,"footnotes":""},"class_list":["post-810","page","type-page","status-publish","hentry"],"acf":{"content_loop":[{"acf_fc_layout":"key_visual","image":{"ID":4910,"id":4910,"title":"Motron_KeyVisual_categories_Header","filename":"Motron_KeyVisual_categories_Header.jpg","filesize":299393,"url":"https:\/\/motron-motorcycles.com\/wp-content\/uploads\/2021\/09\/Motron_KeyVisual_categories_Header.jpg","link":"https:\/\/motron-motorcycles.com\/de_at\/home-page\/motron_keyvisual_categories_header-2\/","alt":"ZK Outlet GmbH","author":"2","description":"","caption":"","name":"motron_keyvisual_categories_header-2","status":"inherit","uploaded_to":810,"date":"2021-09-23 14:38:47","modified":"2023-01-10 09:47:12","menu_order":0,"mime_type":"image\/jpeg","type":"image","subtype":"jpeg","icon":"https:\/\/motron-motorcycles.com\/wp-includes\/images\/media\/default.png","width":2000,"height":1414,"sizes":{"thumbnail":"https:\/\/motron-motorcycles.com\/wp-content\/uploads\/2021\/09\/Motron_KeyVisual_categories_Header-150x150.jpg","thumbnail-width":150,"thumbnail-height":150,"medium":"https:\/\/motron-motorcycles.com\/wp-content\/uploads\/2021\/09\/Motron_KeyVisual_categories_Header-300x212.jpg","medium-width":300,"medium-height":212,"medium_large":"https:\/\/motron-motorcycles.com\/wp-content\/uploads\/2021\/09\/Motron_KeyVisual_categories_Header-768x543.jpg","medium_large-width":640,"medium_large-height":453,"large":"https:\/\/motron-motorcycles.com\/wp-content\/uploads\/2021\/09\/Motron_KeyVisual_categories_Header-1024x724.jpg","large-width":640,"large-height":453,"1536x1536":"https:\/\/motron-motorcycles.com\/wp-content\/uploads\/2021\/09\/Motron_KeyVisual_categories_Header-1536x1086.jpg","1536x1536-width":1536,"1536x1536-height":1086,"2048x2048":"https:\/\/motron-motorcycles.com\/wp-content\/uploads\/2021\/09\/Motron_KeyVisual_categories_Header.jpg","2048x2048-width":2000,"2048x2048-height":1414}},"image_portrait":{"ID":4910,"id":4910,"title":"Motron_KeyVisual_categories_Header","filename":"Motron_KeyVisual_categories_Header.jpg","filesize":299393,"url":"https:\/\/motron-motorcycles.com\/wp-content\/uploads\/2021\/09\/Motron_KeyVisual_categories_Header.jpg","link":"https:\/\/motron-motorcycles.com\/de_at\/home-page\/motron_keyvisual_categories_header-2\/","alt":"ZK Outlet GmbH","author":"2","description":"","caption":"","name":"motron_keyvisual_categories_header-2","status":"inherit","uploaded_to":810,"date":"2021-09-23 14:38:47","modified":"2023-01-10 09:47:12","menu_order":0,"mime_type":"image\/jpeg","type":"image","subtype":"jpeg","icon":"https:\/\/motron-motorcycles.com\/wp-includes\/images\/media\/default.png","width":2000,"height":1414,"sizes":{"thumbnail":"https:\/\/motron-motorcycles.com\/wp-content\/uploads\/2021\/09\/Motron_KeyVisual_categories_Header-150x150.jpg","thumbnail-width":150,"thumbnail-height":150,"medium":"https:\/\/motron-motorcycles.com\/wp-content\/uploads\/2021\/09\/Motron_KeyVisual_categories_Header-300x212.jpg","medium-width":300,"medium-height":212,"medium_large":"https:\/\/motron-motorcycles.com\/wp-content\/uploads\/2021\/09\/Motron_KeyVisual_categories_Header-768x543.jpg","medium_large-width":640,"medium_large-height":453,"large":"https:\/\/motron-motorcycles.com\/wp-content\/uploads\/2021\/09\/Motron_KeyVisual_categories_Header-1024x724.jpg","large-width":640,"large-height":453,"1536x1536":"https:\/\/motron-motorcycles.com\/wp-content\/uploads\/2021\/09\/Motron_KeyVisual_categories_Header-1536x1086.jpg","1536x1536-width":1536,"1536x1536-height":1086,"2048x2048":"https:\/\/motron-motorcycles.com\/wp-content\/uploads\/2021\/09\/Motron_KeyVisual_categories_Header.jpg","2048x2048-width":2000,"2048x2048-height":1414}}},{"acf_fc_layout":"intro_text","left_column":"<h2>GET<br \/>\nOUT<br \/>\nTHERE.<\/h2>\n","right_column":"<p>Zur H\u00f6lle damit, ein Leben lang blo\u00df Passagier zu sein. Nie mehr darauf warten, dass etwas passiert. Nie mehr fragen, was als n\u00e4chstes kommt. Keine Entschuldigungen, keine Ausreden mehr. Motron hei\u00dft aufh\u00f6ren, nur mitzufahren. Motron hei\u00dft, deinen eigenen Weg zu nehmen. Wohin, wie und wann \u2013 es ist allein deine Entscheidung. Mach dich darauf gefasst, die Langeweile hinter dir zu lassen und bereite dich auf deinen ersten Adrenalinsto\u00df vor. Jeder Dreh am Gasgriff ist ein neues Erlebnis.<\/p>\n<p>Entfliehe von zu Hause. Verirre dich an einem neuen Ort. Vergiss den Rest.<br \/>\n<strong>Get out there.<\/strong><\/p>\n","left_cta":"","right_cta":{"title":"Get In Touch","url":"https:\/\/motron-motorcycles.com\/de_at\/contact\/","target":""}}],"range_title":"Die<br \/>\r\nRange","video_background":false,"footer_video":""},"yoast_head":"<!-- This site is optimized with the Yoast SEO plugin v26.8 - https:\/\/yoast.com\/product\/yoast-seo-wordpress\/ -->\n<title>Motron Motorcycles<\/title>\n<meta name=\"description\" content=\"Entfliehe von zu Hause. Vergiss den Rest. Verirre dich an einem neuen Ort. Get out there.\" \/>\n<meta name=\"robots\" content=\"index, follow, max-snippet:-1, max-image-preview:large, max-video-preview:-1\" \/>\n<link rel=\"canonical\" href=\"https:\/\/motron-motorcycles.com\/de_at\/\" \/>\n<meta property=\"og:locale\" content=\"de_DE\" \/>\n<meta property=\"og:type\" content=\"article\" \/>\n<meta property=\"og:title\" content=\"Motron Motorcycles\" \/>\n<meta property=\"og:description\" content=\"Entfliehe von zu Hause. Vergiss den Rest. Verirre dich an einem neuen Ort. Get out there.\" \/>\n<meta property=\"og:url\" content=\"https:\/\/motron-motorcycles.com\/de_at\/\" \/>\n<meta property=\"og:site_name\" content=\"Motron Motorcycles\" \/>\n<meta property=\"article:modified_time\" content=\"2021-11-10T12:06:37+00:00\" \/>\n<meta property=\"og:image\" content=\"https:\/\/motron-motorcycles.com\/wp-content\/uploads\/2021\/02\/Motron_Key_allversions_blackseats-web.jpg\" \/>\n\t<meta property=\"og:image:width\" content=\"2000\" \/>\n\t<meta property=\"og:image:height\" content=\"1414\" \/>\n\t<meta property=\"og:image:type\" content=\"image\/jpeg\" \/>\n<meta name=\"twitter:card\" content=\"summary_large_image\" \/>\n<meta name=\"twitter:title\" content=\"Motron Motorcycles\" \/>\n<meta name=\"twitter:description\" content=\"Entfliehe von zu Hause. Vergiss den Rest. Verirre dich an einem neuen Ort. Get out there.\" \/>\n<script type=\"application\/ld+json\" class=\"yoast-schema-graph\">{\"@context\":\"https:\/\/schema.org\",\"@graph\":[{\"@type\":\"WebPage\",\"@id\":\"https:\/\/motron-motorcycles.com\/de_at\/\",\"url\":\"https:\/\/motron-motorcycles.com\/de_at\/\",\"name\":\"Motron Motorcycles\",\"isPartOf\":{\"@id\":\"https:\/\/motron-motorcycles.com\/#website\"},\"datePublished\":\"2021-02-05T11:45:24+00:00\",\"dateModified\":\"2021-11-10T12:06:37+00:00\",\"description\":\"Entfliehe von zu Hause. Vergiss den Rest. Verirre dich an einem neuen Ort. Get out there.\",\"breadcrumb\":{\"@id\":\"https:\/\/motron-motorcycles.com\/de_at\/#breadcrumb\"},\"inLanguage\":\"de-AT\",\"potentialAction\":[{\"@type\":\"ReadAction\",\"target\":[\"https:\/\/motron-motorcycles.com\/de_at\/\"]}]},{\"@type\":\"BreadcrumbList\",\"@id\":\"https:\/\/motron-motorcycles.com\/de_at\/#breadcrumb\",\"itemListElement\":[{\"@type\":\"ListItem\",\"position\":1,\"name\":\"Home\",\"item\":\"https:\/\/motron-motorcycles.com\/de_at\/\"},{\"@type\":\"ListItem\",\"position\":2,\"name\":\"Home Page\"}]},{\"@type\":\"WebSite\",\"@id\":\"https:\/\/motron-motorcycles.com\/#website\",\"url\":\"https:\/\/motron-motorcycles.com\/\",\"name\":\"Motron Motorcycles\",\"description\":\"Motron Motorcycles - Get out there!\",\"potentialAction\":[{\"@type\":\"SearchAction\",\"target\":{\"@type\":\"EntryPoint\",\"urlTemplate\":\"https:\/\/motron-motorcycles.com\/?s={search_term_string}\"},\"query-input\":{\"@type\":\"PropertyValueSpecification\",\"valueRequired\":true,\"valueName\":\"search_term_string\"}}],\"inLanguage\":\"de-AT\"}]}<\/script>\n<!-- \/ Yoast SEO plugin. -->","yoast_head_json":{"title":"Motron Motorcycles","description":"Entfliehe von zu Hause. Vergiss den Rest. Verirre dich an einem neuen Ort. Get out there.","robots":{"index":"index","follow":"follow","max-snippet":"max-snippet:-1","max-image-preview":"max-image-preview:large","max-video-preview":"max-video-preview:-1"},"canonical":"https:\/\/motron-motorcycles.com\/de_at\/","og_locale":"de_DE","og_type":"article","og_title":"Motron Motorcycles","og_description":"Entfliehe von zu Hause. Vergiss den Rest. Verirre dich an einem neuen Ort. Get out there.","og_url":"https:\/\/motron-motorcycles.com\/de_at\/","og_site_name":"Motron Motorcycles","article_modified_time":"2021-11-10T12:06:37+00:00","og_image":[{"width":2000,"height":1414,"url":"https:\/\/motron-motorcycles.com\/wp-content\/uploads\/2021\/02\/Motron_Key_allversions_blackseats-web.jpg","type":"image\/jpeg"}],"twitter_card":"summary_large_image","twitter_title":"Motron Motorcycles","twitter_description":"Entfliehe von zu Hause. Vergiss den Rest. Verirre dich an einem neuen Ort. Get out there.","schema":{"@context":"https:\/\/schema.org","@graph":[{"@type":"WebPage","@id":"https:\/\/motron-motorcycles.com\/de_at\/","url":"https:\/\/motron-motorcycles.com\/de_at\/","name":"Motron Motorcycles","isPartOf":{"@id":"https:\/\/motron-motorcycles.com\/#website"},"datePublished":"2021-02-05T11:45:24+00:00","dateModified":"2021-11-10T12:06:37+00:00","description":"Entfliehe von zu Hause. Vergiss den Rest. Verirre dich an einem neuen Ort. Get out there.","breadcrumb":{"@id":"https:\/\/motron-motorcycles.com\/de_at\/#breadcrumb"},"inLanguage":"de-AT","potentialAction":[{"@type":"ReadAction","target":["https:\/\/motron-motorcycles.com\/de_at\/"]}]},{"@type":"BreadcrumbList","@id":"https:\/\/motron-motorcycles.com\/de_at\/#breadcrumb","itemListElement":[{"@type":"ListItem","position":1,"name":"Home","item":"https:\/\/motron-motorcycles.com\/de_at\/"},{"@type":"ListItem","position":2,"name":"Home Page"}]},{"@type":"WebSite","@id":"https:\/\/motron-motorcycles.com\/#website","url":"https:\/\/motron-motorcycles.com\/","name":"Motron Motorcycles","description":"Motron Motorcycles - Get out there!","potentialAction":[{"@type":"SearchAction","target":{"@type":"EntryPoint","urlTemplate":"https:\/\/motron-motorcycles.com\/?s={search_term_string}"},"query-input":{"@type":"PropertyValueSpecification","valueRequired":true,"valueName":"search_term_string"}}],"inLanguage":"de-AT"}]}},"_links":{"self":[{"href":"https:\/\/motron-motorcycles.com\/de_at\/wp-json\/wp\/v2\/pages\/810","targetHints":{"allow":["GET"]}}],"collection":[{"href":"https:\/\/motron-motorcycles.com\/de_at\/wp-json\/wp\/v2\/pages"}],"about":[{"href":"https:\/\/motron-motorcycles.com\/de_at\/wp-json\/wp\/v2\/types\/page"}],"author":[{"embeddable":true,"href":"https:\/\/motron-motorcycles.com\/de_at\/wp-json\/wp\/v2\/users\/1"}],"replies":[{"embeddable":true,"href":"https:\/\/motron-motorcycles.com\/de_at\/wp-json\/wp\/v2\/comments?post=810"}],"version-history":[{"count":13,"href":"https:\/\/motron-motorcycles.com\/de_at\/wp-json\/wp\/v2\/pages\/810\/revisions"}],"predecessor-version":[{"id":5627,"href":"https:\/\/motron-motorcycles.com\/de_at\/wp-json\/wp\/v2\/pages\/810\/revisions\/5627"}],"wp:attachment":[{"href":"https:\/\/motron-motorcycles.com\/de_at\/wp-json\/wp\/v2\/media?parent=810"}],"curies":[{"name":"wp","href":"https:\/\/api.w.org\/{rel}","templated":true}]}}