{"id":11453,"date":"2022-11-30T08:45:22","date_gmt":"2022-11-30T08:45:22","guid":{"rendered":"https:\/\/motron-motorcycles.com\/?page_id=11453"},"modified":"2022-11-30T09:06:56","modified_gmt":"2022-11-30T09:06:56","slug":"politica-de-cookies","status":"publish","type":"page","link":"https:\/\/motron-motorcycles.com\/es\/politica-de-cookies\/","title":{"rendered":"Pol\u00edtica de Cookies"},"content":{"rendered":"","protected":false},"excerpt":{"rendered":"","protected":false},"author":15,"featured_media":0,"parent":0,"menu_order":2,"comment_status":"closed","ping_status":"closed","template":"","meta":{"_acf_changed":false,"ngg_post_thumbnail":0,"footnotes":""},"class_list":["post-11453","page","type-page","status-publish","hentry"],"acf":{"content_loop":[{"acf_fc_layout":"text_section","text":"<h1 style=\"text-align: center;\"><span style=\"font-size: 30pt;\"><strong><strong>POL\u00cdTICA DE COOKIES<\/strong><\/strong><\/span><\/h1>\n<p><strong>\u00a0<\/strong><\/p>\n<p>La titularidad de esta p\u00e1gina web (en adelante, el \u201c<strong>Sitio Web<\/strong>\u201d): <strong>KSR Group GmbH<\/strong><\/p>\n<p>Domicilio social: Im Wirtschaftspark 15, 3494 Gedersdorf, Austria<\/p>\n<p>Correo electr\u00f3nico: <a href=\"mailto:Office.Spain@ksr-group.com\">Office.Spain@ksr-group.com<\/a><\/p>\n<p><strong>\u00a0<\/strong><\/p>\n<p><strong>1.-DECLARACI\u00d3N SOBRE EL USO COOKIES<\/strong><\/p>\n<p>De acuerdo con lo dispuesto en la \u201cLey 34\/2002, de 11 de julio, de Servicios de la Sociedad de la Informaci\u00f3n y de Comercio Electr\u00f3nico\u201d (LSSI), el \u201cReglamento (UE) 2016\/679 del Parlamento Europeo y del Consejo de 27 de abril de 2016 relativo a la protecci\u00f3n de las personas f\u00edsicas en lo que respecta al tratamiento de datos personales y a la libre circulaci\u00f3n de estos datos\u201d (RGPD), la \u201cLey Org\u00e1nica 3\/2018, de 5 de diciembre, de Protecci\u00f3n de Datos Personales y garant\u00eda de los derechos digitales\u201d (LOPDGDD) y dem\u00e1s normativas aplicable en materia de cookies, se informa a los usuarios que el Sitio Web utiliza cookies tanto propias como terceras con diversas finalidades, que se detallan a continuaci\u00f3n, con la principal finalidad de mejorar nuestros servicios y mostrar publicidades relacionadas seg\u00fan las preferencias de las personas f\u00edsicas o jur\u00eddicas que visitan al Sitio Web (en adelante, los \u201c<strong>Usuarios<\/strong>\u201d).<\/p>\n<p>Se recomienda a los Usuarios la lectura detenida de esta Pol\u00edtica de Cookies para informarse sobre la utilizaci\u00f3n de las cookies del Sitio Web.<\/p>\n<p><strong>\u00a0<\/strong><\/p>\n<p><strong>2.- INFORMACI\u00d3N B\u00c1SICA SOBRE COOKIES<\/strong><\/p>\n<p>Una cookie es un fichero que se descarga en el directorio del navegador de su ordenador al acceder a determinadas p\u00e1ginas web y su funci\u00f3n principal es de recordar determinadas informaciones que se generan entre las p\u00e1ginas web y el navegador. Las cookies, tanto propias como de terceros, permiten a una p\u00e1gina web almacenar las informaciones sobre los h\u00e1bitos de navegaci\u00f3n de un usuario o de su equipo y, dependiendo de las informaciones que contengan y de la forma en que utilice su equipo, pueden utilizarse para ayuda a entender el comportamiento del usuario dentro de la p\u00e1gina web permitiendo mejorar su experiencia a trav\u00e9s de esta.<\/p>\n<p>Las cookies utilizadas en las p\u00e1ginas web pueden almacenar alg\u00fan dato personal del usuario, como datos de conexi\u00f3n, IP, geolocalizaci\u00f3n y navegaci\u00f3n, as\u00ed como informaci\u00f3n que pueda servir para identificarle si el propio usuario se ha registrado voluntariamente y cumplimentado alguno de los formularios de los que dispone la web.<\/p>\n<p><strong>\u00a0<\/strong><\/p>\n<p><strong>3.- CONSENTIMIENTO SOBRE LA UTILIZACI\u00d3N DE COOKIES<\/strong><\/p>\n<p>Se informa a los Usuarios que el presente Sitio Web, en caso de que los Usuarios hayan dado su consentimiento, utilizar\u00e1 cookies cuyas finalidades y usos concretos se describen en el punto \u201c<em>5. Cookies utilizadas en este sitio web<\/em>\u201d.<\/p>\n<p>No se requerir\u00e1 el consentimiento del Usuario en los supuestos en los que las cookies sean necesarias para la navegaci\u00f3n del Sitio Web.<\/p>\n<p>Cada vez que los Usuarios accedan al Sitio Web, les aparecer\u00e1 un mensaje de aviso de cookies en el que podr\u00e1n activar y desactivar aquellas que consideren oportuno.<\/p>\n<p><strong>\u00a0<\/strong><\/p>\n<p><strong>4.- INFORMACI\u00d3N SOBRE LA TIPOLOG\u00cdA DE COOKIES<\/strong><\/p>\n<p><strong>4.1. Tipos de cookies seg\u00fan su procedencia y titularidad<\/strong><\/p>\n<p>Seg\u00fan quien sea la entidad que gestione el equipo o dominio desde donde se env\u00edan las cookies y trate los datos que se obtengan, se distinguen habitualmente, aunque sin car\u00e1cter limitativo, entre:<\/p>\n<p><strong>Cookies propias:<\/strong> Son aqu\u00e9llas que se env\u00edan al equipo terminal del usuario desde un equipo o dominio gestionado por el titular de la p\u00e1gina web y desde el que se presta el servicio solicitado por el Usuario.<\/p>\n<p><strong>Cookies de tercero:<\/strong> Son aqu\u00e9llas que se env\u00edan al equipo terminal del usuario desde un equipo o dominio que no es gestionado por el titular de la p\u00e1gina web, sino por otra entidad que trata los datos obtenidos trav\u00e9s de las cookies. Asimismo, en el caso de que las cookies sean instaladas desde un equipo o dominio gestionado por el propio titular de la p\u00e1gina web, pero la informaci\u00f3n que se recoja mediante \u00e9stas sea gestionada por un tercero, tambi\u00e9n ser\u00e1n consideradas como cookies de terceros.<\/p>\n<p><strong>\u00a0<\/strong><\/p>\n<p><strong>4.2. Tipos de cookies seg\u00fan el tiempo que permanecen activadas<\/strong><\/p>\n<p>Seg\u00fan el tiempo que permanecen activadas en el equipo terminal, se distinguen habitualmente, aunque sin car\u00e1cter limitativo, entre:<\/p>\n<p><strong>Cookies de sesi\u00f3n:<\/strong> Son un tipo de cookies dise\u00f1adas para recabar y almacenar datos mientras el usuario accede a una p\u00e1gina web. Estas cookies no quedan almacenadas en el ordenador del usuario cuando caduca la sesi\u00f3n o este cierra el navegador.<\/p>\n<p><strong>Cookies persistentes o permanentes:<\/strong> Son un tipo de cookies en el que los datos siguen almacenados en el terminal y pueden ser accedidos y tratados cuando el usuario abandona la p\u00e1gina web y cuando se vuelva a conectar a ella. Estas cookies pueden ser borradas en cualquier momento por el usuario.<\/p>\n<p>&nbsp;<\/p>\n<p><strong>4.3 Tipos de cookies seg\u00fan su finalidad<\/strong><\/p>\n<p>Seg\u00fan la finalidad para la que se traten los datos obtenidos a trav\u00e9s de las cookies, se distinguen habitualmente, aunque sin car\u00e1cter limitativo, entre:<\/p>\n<p><strong>Cookies t\u00e9cnicas:<\/strong> Son aqu\u00e9llas imprescindibles para el buen funcionamiento de la web, que permiten al usuario la navegaci\u00f3n a trav\u00e9s de una p\u00e1gina web, plataforma o aplicaci\u00f3n y la utilizaci\u00f3n de las diferentes opciones o servicios que en ella existan como, por ejemplo, controlar el tr\u00e1fico y la comunicaci\u00f3n de datos, identificar la sesi\u00f3n, acceder a partes de acceso restringido, recordar los elementos que integran un pedido, realizar el proceso de compra de un pedido, realizar la solicitud de inscripci\u00f3n o participaci\u00f3n en un evento, utilizar elementos de seguridad durante la navegaci\u00f3n, almacenar contenidos para la difusi\u00f3n de videos o sonido o compartir contenidos a trav\u00e9s de redes sociales.<\/p>\n<p><strong>Cookies de personalizaci\u00f3n:<\/strong> Son aqu\u00e9llas que permiten al usuario acceder al servicio con algunas caracter\u00edsticas de car\u00e1cter general predefinidas en funci\u00f3n de una serie de criterios en el terminal del usuario como por ejemplo serian el idioma, el tipo de navegador a trav\u00e9s del cual accede al servicio, la configuraci\u00f3n regional desde donde accede al servicio, etc.<\/p>\n<p><strong>Cookies de an\u00e1lisis:<\/strong> Son aqu\u00e9llas que permiten realizar el seguimiento y an\u00e1lisis del comportamiento de los usuarios de los sitios web. Las informaciones recogidas mediante este tipo de cookies se utilizan en la medici\u00f3n de la actividad de los sitios web, aplicaci\u00f3n o plataforma y para la elaboraci\u00f3n de perfiles de navegaci\u00f3n de los usuarios de dichos sitios, aplicaciones y plataformas, con el fin de introducir mejoras en funci\u00f3n del an\u00e1lisis de los datos de uso que hacen los usuarios del servicio.<\/p>\n<p><strong>Cookies publicitarias:<\/strong> Son aqu\u00e9llas que permiten gestionar de la forma m\u00e1s eficaz posible la oferta de los espacios publicitarios colocados en la p\u00e1gina web, adecuando el contenido del anuncio al contenido del servicio solicitado o al uso que realice de nuestra p\u00e1gina web.<\/p>\n<p><strong>Cookies de publicidad comportamental:<\/strong> Son aqu\u00e9llas que permiten la gesti\u00f3n, de la forma m\u00e1s eficaz posible, de los espacios publicitarios colocados en una p\u00e1gina web. Estas cookies almacenan informaciones del comportamiento de los usuarios obtenidas a trav\u00e9s de la observaci\u00f3n continuada de sus h\u00e1bitos de navegaci\u00f3n, lo que permite desarrollar un perfil espec\u00edfico para mostrar publicidades.<\/p>\n<p><strong>\u00a0<\/strong><\/p>\n<p><strong>5.- COOKIES UTILIZADAS EN EL SITIO WEB <\/strong><\/p>\n<p>Se informa a los Usuarios sobre los concretos tipos de cookies utilizadas en el presente Sitio Web, as\u00ed como su funci\u00f3n y duraci\u00f3n:<\/p>\n<p><em><u>Cookies T\u00e9cnicas<\/u><\/em><\/p>\n<ul>\n<li>Cookies propias<\/li>\n<\/ul>\n<table>\n<tbody>\n<tr>\n<td width=\"566\"><strong>wpml_browser_redirect_test<\/strong><strong><br \/>\n<\/strong>Esta cookie est\u00e1 configurada por el complemento WPML WordPress y se usa para probar si las cookies est\u00e1n habilitadas en el navegador.<em>Duraci\u00f3n:<\/em> Al cerrar sesi\u00f3n o Sitio Web<\/td>\n<\/tr>\n<tr>\n<td width=\"566\"><strong>_icl_visitor_lang_js<\/strong><strong><br \/>\n<\/strong>Esta cookie es almacenada por el complemento WPML WordPress. El prop\u00f3sito de la cookie es almacenar el idioma redirigido.<em>Duraci\u00f3n:<\/em> Al cerrar sesi\u00f3n o Sitio Web<\/td>\n<\/tr>\n<tr>\n<td width=\"566\"><strong>cookie_preference<\/strong><strong><br \/>\n<\/strong>Almacena informaci\u00f3n sobre las preferencias de cookies en este sitio.<em>Duraci\u00f3n:<\/em> 1 a\u00f1o<\/td>\n<\/tr>\n<\/tbody>\n<\/table>\n<p>&nbsp;<\/p>\n<ul>\n<li>Cookies de terceros<\/li>\n<\/ul>\n<table>\n<tbody>\n<tr>\n<td width=\"566\"><strong>__cfduid<\/strong><\/p>\n<p>Los servicios cdn como CloudFare utilizan la cookie para identificar clientes individuales detr\u00e1s de una direcci\u00f3n IP compartida y aplicar configuraciones de seguridad por cliente. No se corresponde con ninguna identificaci\u00f3n de usuario en la aplicaci\u00f3n web y no almacena ninguna informaci\u00f3n de identificaci\u00f3n personal.<\/p>\n<p><em>Duraci\u00f3n:<\/em> 30 d\u00edas<\/td>\n<\/tr>\n<\/tbody>\n<\/table>\n<p>&nbsp;<\/p>\n<p><em><u>Cookies Anal\u00edticas<\/u><\/em><\/p>\n<ul>\n<li>Cookies de terceros<\/li>\n<\/ul>\n<table>\n<tbody>\n<tr>\n<td width=\"566\"><strong>_ga<\/strong><br \/>\nEs utilizada para distinguir a los Usuarios.<em>Duraci\u00f3n:<\/em> 2 a\u00f1os<\/td>\n<\/tr>\n<tr>\n<td width=\"566\"><strong>_gid<\/strong><br \/>\nEs utilizada para distinguir a los Usuarios.<em>Duraci\u00f3n:<\/em> 24 horas<\/td>\n<\/tr>\n<tr>\n<td width=\"566\"><strong>_gat<\/strong><br \/>\nSe utiliza para acelerar la tasa de solicitud. Si Google Analytics se implementa a trav\u00e9s de Google Tag Manager, esta cookie se denominar\u00e1 _dc_gtm_.<em>Duraci\u00f3n:<\/em> 1 minuto<\/td>\n<\/tr>\n<tr>\n<td width=\"566\"><strong>_gac_&lt;property-id&gt;<\/strong><strong><br \/>\n<\/strong>Incluye informaci\u00f3n de la campa\u00f1a relativa al usuario. Si has vinculado tus cuentas de Google Analytics y Google Ads, las etiquetas de conversi\u00f3n en sitio web de Google Ads leer\u00e1n esta cookie, a menos que la inhabilites.<em>Duraci\u00f3n:<\/em> 90 d\u00edas<\/td>\n<\/tr>\n<\/tbody>\n<\/table>\n<p><strong>\u00a0<\/strong><em><u>Cookies de publicidad<\/u><\/em><\/p>\n<ul>\n<li>Cookies de terceros<\/li>\n<\/ul>\n<table>\n<tbody>\n<tr>\n<td width=\"566\"><strong>fr<\/strong><\/p>\n<p>La cookie de publicidad principal de Facebook, utilizada para entregar, medir y mejorar la relevancia de los anuncios.<\/p>\n<p><em>Duraci\u00f3n:<\/em> 90 d\u00edas<\/td>\n<\/tr>\n<tr>\n<td width=\"566\"><strong>_fbc<\/strong><\/p>\n<p>Identifica el navegador para fines de autenticaci\u00f3n de inicio de sesi\u00f3n.<\/p>\n<p><em>Duraci\u00f3n:<\/em> 3 meses<\/td>\n<\/tr>\n<\/tbody>\n<\/table>\n<p>&nbsp;<\/p>\n<p><strong>6.- ACTUALIZACI\u00d3N DE LA POL\u00cdTICA DE COOKIES<\/strong><\/p>\n<p>Debido a que, bajo distintas circunstancias, se podr\u00eda realizar determinadas actualizaciones de esta Pol\u00edtica de Cookies, les recomendamos a los Usuarios que lo revisen cada vez que acceden al Sitio Web, de modo que puedan estar debidamente informados sobre los usos y finalidades de las cookies.<\/p>\n<p>Asimismo, en el caso de que los Usuarios tengan alg\u00fan problema o duda relacionada con el uso de las cookies utilizadas en el Sitio Web, pueden contactar a trav\u00e9s de la direcci\u00f3n de correo electr\u00f3nico indicada en el encabezamiento de la presente Pol\u00edtica de Cookies.<\/p>\n<p>&nbsp;<\/p>\n<p><strong>7.- CONFIGURACI\u00d3N DE LAS COOKIES<\/strong><\/p>\n<p>El uso de cookies tiene efectos sobre la privacidad de los usuarios dado que, por regla general, permite relacionar su contenido con la direcci\u00f3n IP de conexi\u00f3n y con otros datos de car\u00e1cter personal del usuario como los aportados voluntariamente.<\/p>\n<p>Mediante la aceptaci\u00f3n de la presente Pol\u00edtica de Cookies, los Usuarios estar\u00e1n consintiendo la generaci\u00f3n de cookies para las finalidades arriba mencionadas.<\/p>\n<p>Si los Usuarios no desean que se guarden las cookies en su navegador o prefieren recibir un aviso cada vez que una cookie solicite instalarse, pueden configurar sus navegadores y realizar las distintas gestiones de las cookies de las siguientes 3 formas:<\/p>\n<ul>\n<li>Las cookies sean siempre rechazadas;<\/li>\n<li>El navegador pregunta si el usuario desea instalar un tipo concreto de cookies;<\/li>\n<li>Las cookies sean siempre aceptadas;<\/li>\n<\/ul>\n<p>Sus navegadores tambi\u00e9n pueden contar con la posibilidad de seleccionar con detalle las cookies que los Usuarios desean que se instalen en sus ordenadores. En concreto, los Usuarios tienen las siguientes opciones:<\/p>\n<ul>\n<li>Rechazar las cookies de determinada tipolog\u00eda;<\/li>\n<li>Rechazar las cookies de terceros;<\/li>\n<li>Aceptar cookies como no persistentes (se eliminan cuando el navegador se cierra);<\/li>\n<li>Permitir al servidor crear cookies para un dominio diferente.<\/li>\n<\/ul>\n<p>Para permitir, conocer, bloquear o eliminar las cookies instaladas en su equipo, los Usuarios pueden hacerlo mediante la configuraci\u00f3n de las opciones de los navegadores instalados en sus ordenadores.<\/p>\n<p>Los Usuarios pueden encontrar informaciones sobre c\u00f3mo configurar los navegadores m\u00e1s usados en las siguientes ubicaciones:<\/p>\n<p><strong>Internet Explorer: <\/strong>Herramientas \u2192 Opciones de Internet \u2192 Privacidad \u00e0 Configuraci\u00f3n. Para m\u00e1s informaci\u00f3n, puede consultar el soporte de Microsoft o la Ayuda del navegador a trav\u00e9s del siguiente link: <a href=\"https:\/\/support.microsoft.com\/de-de\/products\/internet-explorer\">aqu\u00ed<\/a><\/p>\n<p><strong>Firefox:<\/strong> Herramientas \u2192 Opciones \u2192 Privacidad \u2192 Historial \u2192 Configuraci\u00f3n Personalizada. Para m\u00e1s informaci\u00f3n, puede consultar el soporte de Mozilla o la Ayuda del navegador a trav\u00e9s del siguiente link: <a href=\"https:\/\/support.mozilla.org\/de\/kb\/erste-schritte-mit-firefox\">aqu\u00ed<\/a><\/p>\n<p><strong>Chrome:<\/strong> Configuraci\u00f3n \u2192 Mostrar opciones avanzadas \u2192 Privacidad \u2192 Configuraci\u00f3n de contenido. Para m\u00e1s informaci\u00f3n, puede consultar el soporte de Google o la Ayuda del navegador a trav\u00e9s del siguiente link: <a href=\"https:\/\/support.google.com\/chrome\/?hl=de#topic=3227046\">aqu\u00ed<\/a><\/p>\n<p><strong>Safari:<\/strong> Preferencias \u2192 Seguridad. Para m\u00e1s informaci\u00f3n, puede consultar el soporte de Apple o la Ayuda del navegador. No obstante, en Safari, las cookies de terceros est\u00e1n bloqueadas por defecto.<\/p>\n<p>Sin perjuicio de lo anterior, ten en cuenta que la desactivaci\u00f3n o el borrado de cookies pueden afectar al correcto funcionamiento de determinadas secciones del Sitio Web.<\/p>\n<p>Esta Pol\u00edtica ser\u00e1 revisada por la Direcci\u00f3n u \u00d3rgano de Gobierno de KSR Group, tantas veces como se considere necesario para adecuarse, en todo momento, a las disposiciones vigentes en materia de protecci\u00f3n de datos de car\u00e1cter personal. Por dicho motivo, le sugerimos que revise esta Pol\u00edtica de Cookies de vez en cuando por si hubiera cambios menores o introducimos alguna mejora interactiva, aprovechando que siempre la encontrar\u00e1 como punto permanente de informaci\u00f3n en nuestro Sitio Web.<\/p>\n<p>&nbsp;<\/p>\n<p>&nbsp;<\/p>\n","background_colour":"background-black"}]},"yoast_head":"<!-- This site is optimized with the Yoast SEO plugin v27.1.1 - https:\/\/yoast.com\/product\/yoast-seo-wordpress\/ -->\n<title>Pol\u00edtica de Cookies - Motron Motorcycles<\/title>\n<meta name=\"robots\" content=\"index, follow, max-snippet:-1, max-image-preview:large, max-video-preview:-1\" \/>\n<link rel=\"canonical\" href=\"https:\/\/motron-motorcycles.com\/es\/politica-de-cookies\/\" \/>\n<meta property=\"og:locale\" content=\"es_ES\" \/>\n<meta property=\"og:type\" content=\"article\" \/>\n<meta property=\"og:title\" content=\"Pol\u00edtica de Cookies - Motron Motorcycles\" \/>\n<meta property=\"og:url\" content=\"https:\/\/motron-motorcycles.com\/es\/politica-de-cookies\/\" \/>\n<meta property=\"og:site_name\" content=\"Motron Motorcycles\" \/>\n<meta property=\"article:modified_time\" content=\"2022-11-30T09:06:56+00:00\" \/>\n<meta name=\"twitter:card\" content=\"summary_large_image\" \/>\n<script type=\"application\/ld+json\" class=\"yoast-schema-graph\">{\"@context\":\"https:\/\/schema.org\",\"@graph\":[{\"@type\":\"WebPage\",\"@id\":\"https:\/\/motron-motorcycles.com\/es\/politica-de-cookies\/\",\"url\":\"https:\/\/motron-motorcycles.com\/es\/politica-de-cookies\/\",\"name\":\"Pol\u00edtica de Cookies - Motron Motorcycles\",\"isPartOf\":{\"@id\":\"https:\/\/motron-motorcycles.com\/#website\"},\"datePublished\":\"2022-11-30T08:45:22+00:00\",\"dateModified\":\"2022-11-30T09:06:56+00:00\",\"breadcrumb\":{\"@id\":\"https:\/\/motron-motorcycles.com\/es\/politica-de-cookies\/#breadcrumb\"},\"inLanguage\":\"es\",\"potentialAction\":[{\"@type\":\"ReadAction\",\"target\":[\"https:\/\/motron-motorcycles.com\/es\/politica-de-cookies\/\"]}]},{\"@type\":\"BreadcrumbList\",\"@id\":\"https:\/\/motron-motorcycles.com\/es\/politica-de-cookies\/#breadcrumb\",\"itemListElement\":[{\"@type\":\"ListItem\",\"position\":1,\"name\":\"Home\",\"item\":\"https:\/\/motron-motorcycles.com\/es\/\"},{\"@type\":\"ListItem\",\"position\":2,\"name\":\"Pol\u00edtica de Cookies\"}]},{\"@type\":\"WebSite\",\"@id\":\"https:\/\/motron-motorcycles.com\/#website\",\"url\":\"https:\/\/motron-motorcycles.com\/\",\"name\":\"Motron Motorcycles\",\"description\":\"Motron Motorcycles - Get out there!\",\"potentialAction\":[{\"@type\":\"SearchAction\",\"target\":{\"@type\":\"EntryPoint\",\"urlTemplate\":\"https:\/\/motron-motorcycles.com\/?s={search_term_string}\"},\"query-input\":{\"@type\":\"PropertyValueSpecification\",\"valueRequired\":true,\"valueName\":\"search_term_string\"}}],\"inLanguage\":\"es\"}]}<\/script>\n<!-- \/ Yoast SEO plugin. -->","yoast_head_json":{"title":"Pol\u00edtica de Cookies - Motron Motorcycles","robots":{"index":"index","follow":"follow","max-snippet":"max-snippet:-1","max-image-preview":"max-image-preview:large","max-video-preview":"max-video-preview:-1"},"canonical":"https:\/\/motron-motorcycles.com\/es\/politica-de-cookies\/","og_locale":"es_ES","og_type":"article","og_title":"Pol\u00edtica de Cookies - Motron Motorcycles","og_url":"https:\/\/motron-motorcycles.com\/es\/politica-de-cookies\/","og_site_name":"Motron Motorcycles","article_modified_time":"2022-11-30T09:06:56+00:00","twitter_card":"summary_large_image","schema":{"@context":"https:\/\/schema.org","@graph":[{"@type":"WebPage","@id":"https:\/\/motron-motorcycles.com\/es\/politica-de-cookies\/","url":"https:\/\/motron-motorcycles.com\/es\/politica-de-cookies\/","name":"Pol\u00edtica de Cookies - Motron Motorcycles","isPartOf":{"@id":"https:\/\/motron-motorcycles.com\/#website"},"datePublished":"2022-11-30T08:45:22+00:00","dateModified":"2022-11-30T09:06:56+00:00","breadcrumb":{"@id":"https:\/\/motron-motorcycles.com\/es\/politica-de-cookies\/#breadcrumb"},"inLanguage":"es","potentialAction":[{"@type":"ReadAction","target":["https:\/\/motron-motorcycles.com\/es\/politica-de-cookies\/"]}]},{"@type":"BreadcrumbList","@id":"https:\/\/motron-motorcycles.com\/es\/politica-de-cookies\/#breadcrumb","itemListElement":[{"@type":"ListItem","position":1,"name":"Home","item":"https:\/\/motron-motorcycles.com\/es\/"},{"@type":"ListItem","position":2,"name":"Pol\u00edtica de Cookies"}]},{"@type":"WebSite","@id":"https:\/\/motron-motorcycles.com\/#website","url":"https:\/\/motron-motorcycles.com\/","name":"Motron Motorcycles","description":"Motron Motorcycles - Get out there!","potentialAction":[{"@type":"SearchAction","target":{"@type":"EntryPoint","urlTemplate":"https:\/\/motron-motorcycles.com\/?s={search_term_string}"},"query-input":{"@type":"PropertyValueSpecification","valueRequired":true,"valueName":"search_term_string"}}],"inLanguage":"es"}]}},"_links":{"self":[{"href":"https:\/\/motron-motorcycles.com\/es\/wp-json\/wp\/v2\/pages\/11453","targetHints":{"allow":["GET"]}}],"collection":[{"href":"https:\/\/motron-motorcycles.com\/es\/wp-json\/wp\/v2\/pages"}],"about":[{"href":"https:\/\/motron-motorcycles.com\/es\/wp-json\/wp\/v2\/types\/page"}],"author":[{"embeddable":true,"href":"https:\/\/motron-motorcycles.com\/es\/wp-json\/wp\/v2\/users\/15"}],"replies":[{"embeddable":true,"href":"https:\/\/motron-motorcycles.com\/es\/wp-json\/wp\/v2\/comments?post=11453"}],"version-history":[{"count":10,"href":"https:\/\/motron-motorcycles.com\/es\/wp-json\/wp\/v2\/pages\/11453\/revisions"}],"predecessor-version":[{"id":11466,"href":"https:\/\/motron-motorcycles.com\/es\/wp-json\/wp\/v2\/pages\/11453\/revisions\/11466"}],"wp:attachment":[{"href":"https:\/\/motron-motorcycles.com\/es\/wp-json\/wp\/v2\/media?parent=11453"}],"curies":[{"name":"wp","href":"https:\/\/api.w.org\/{rel}","templated":true}]}}