{"id":11556,"date":"2023-03-17T14:27:35","date_gmt":"2023-03-17T14:27:35","guid":{"rendered":"https:\/\/motron-motorcycles.com\/?page_id=11556"},"modified":"2023-05-03T09:39:25","modified_gmt":"2023-05-03T09:39:25","slug":"promocion-seguro-y-matricula-gratis","status":"publish","type":"page","link":"https:\/\/motron-motorcycles.com\/es\/promocion-seguro-y-matricula-gratis\/","title":{"rendered":"Promoci\u00f3n seguro y matr\u00edcula gratis"},"content":{"rendered":"","protected":false},"excerpt":{"rendered":"","protected":false},"author":15,"featured_media":0,"parent":0,"menu_order":1,"comment_status":"closed","ping_status":"closed","template":"","meta":{"_acf_changed":false,"ngg_post_thumbnail":0,"footnotes":""},"class_list":["post-11556","page","type-page","status-publish","hentry"],"acf":{"content_loop":[{"acf_fc_layout":"key_visual","image":{"ID":11664,"id":11664,"title":"header-landing-desktop-promo-seguro","filename":"header-landing-desktop-promo-seguro.png","filesize":949824,"url":"https:\/\/motron-motorcycles.com\/wp-content\/uploads\/2023\/03\/header-landing-desktop-promo-seguro.png","link":"https:\/\/motron-motorcycles.com\/es\/promocion-seguro-y-matricula-gratis\/header-landing-desktop-promo-seguro\/","alt":"","author":"15","description":"","caption":"","name":"header-landing-desktop-promo-seguro","status":"inherit","uploaded_to":11556,"date":"2023-03-17 14:34:00","modified":"2023-03-17 14:43:41","menu_order":0,"mime_type":"image\/png","type":"image","subtype":"png","icon":"https:\/\/motron-motorcycles.com\/wp-includes\/images\/media\/default.png","width":2000,"height":885,"sizes":{"thumbnail":"https:\/\/motron-motorcycles.com\/wp-content\/uploads\/2023\/03\/header-landing-desktop-promo-seguro-150x150.png","thumbnail-width":150,"thumbnail-height":150,"medium":"https:\/\/motron-motorcycles.com\/wp-content\/uploads\/2023\/03\/header-landing-desktop-promo-seguro-300x133.png","medium-width":300,"medium-height":133,"medium_large":"https:\/\/motron-motorcycles.com\/wp-content\/uploads\/2023\/03\/header-landing-desktop-promo-seguro-768x340.png","medium_large-width":640,"medium_large-height":283,"large":"https:\/\/motron-motorcycles.com\/wp-content\/uploads\/2023\/03\/header-landing-desktop-promo-seguro-1024x453.png","large-width":640,"large-height":283,"1536x1536":"https:\/\/motron-motorcycles.com\/wp-content\/uploads\/2023\/03\/header-landing-desktop-promo-seguro-1536x680.png","1536x1536-width":1536,"1536x1536-height":680,"2048x2048":"https:\/\/motron-motorcycles.com\/wp-content\/uploads\/2023\/03\/header-landing-desktop-promo-seguro.png","2048x2048-width":2000,"2048x2048-height":885}},"image_portrait":{"ID":11649,"id":11649,"title":"header-landing-mobile-promo-seguro","filename":"header-landing-mobile-promo-seguro.png","filesize":810356,"url":"https:\/\/motron-motorcycles.com\/wp-content\/uploads\/2023\/03\/header-landing-mobile-promo-seguro.png","link":"https:\/\/motron-motorcycles.com\/es\/promocion-seguro-y-matricula-gratis\/header-landing-mobile-promo-seguro\/","alt":"","author":"15","description":"","caption":"","name":"header-landing-mobile-promo-seguro","status":"inherit","uploaded_to":11556,"date":"2023-03-17 14:33:56","modified":"2023-03-17 14:33:56","menu_order":0,"mime_type":"image\/png","type":"image","subtype":"png","icon":"https:\/\/motron-motorcycles.com\/wp-includes\/images\/media\/default.png","width":600,"height":1000,"sizes":{"thumbnail":"https:\/\/motron-motorcycles.com\/wp-content\/uploads\/2023\/03\/header-landing-mobile-promo-seguro-150x150.png","thumbnail-width":150,"thumbnail-height":150,"medium":"https:\/\/motron-motorcycles.com\/wp-content\/uploads\/2023\/03\/header-landing-mobile-promo-seguro-180x300.png","medium-width":180,"medium-height":300,"medium_large":"https:\/\/motron-motorcycles.com\/wp-content\/uploads\/2023\/03\/header-landing-mobile-promo-seguro.png","medium_large-width":600,"medium_large-height":1000,"large":"https:\/\/motron-motorcycles.com\/wp-content\/uploads\/2023\/03\/header-landing-mobile-promo-seguro.png","large-width":600,"large-height":1000,"1536x1536":"https:\/\/motron-motorcycles.com\/wp-content\/uploads\/2023\/03\/header-landing-mobile-promo-seguro.png","1536x1536-width":600,"1536x1536-height":1000,"2048x2048":"https:\/\/motron-motorcycles.com\/wp-content\/uploads\/2023\/03\/header-landing-mobile-promo-seguro.png","2048x2048-width":600,"2048x2048-height":1000}}},{"acf_fc_layout":"intro_text","left_column":"<h2><span style=\"font-size: 45pt;\">\u00a1Seguro* y matricula gratis!<\/span><\/h2>\n","right_column":"<h2><span style=\"font-size: 30pt;\">Promoci\u00f3n terminada<\/span><\/h2>\n<p><span style=\"font-size: 15pt;\">El buen tiempo se acerca y las ganas de salir de casa aumentan, en Motron Motorcycles lo sabemos muy bien, por eso, hemos lanzado esta incre\u00edble promoci\u00f3n. \u00a1No te la pierdas!<\/span><\/p>\n<p>&nbsp;<\/p>\n","left_cta":"","right_cta":""},{"acf_fc_layout":"text_section","text":"<p><span style=\"font-size: 15pt; background-color: #ffee02; color: #000000;\">Consigue tu nueva Motron ahora con 1 a\u00f1o de seguro* y matriculaci\u00f3n gratis.<br \/>\nPromoci\u00f3n v\u00e1lida hasta el 30 de abril.<\/span><\/p>\n<h3><span style=\"font-size: 18pt;\">\u00bfQu\u00e9 tengo que hacer para conseguir esta incre\u00edble promoci\u00f3n?<\/span><\/h3>\n<p><span style=\"font-size: 15pt;\">Muy sencillo, echar un ojo a los modelos adheridos a esta promoci\u00f3n y elegir el tuyo. <\/span><\/p>\n<p><span style=\"font-size: 15pt;\">\u00bfCon cu\u00e1l te quedas? \ud83d\udc47Haz clic sobre el modelo que te guste m\u00e1s, para obtener m\u00e1s informaci\u00f3n.<\/span><\/p>\n<p>&nbsp;<\/p>\n<h3><span style=\"font-size: 18pt;\">MOTOCICLETAS &#8211; 125cc<\/span><\/h3>\n<p><a href=\"https:\/\/motron-motorcycles.com\/es\/models\/x-nord-125\/?utm_source=motron_es&amp;utm_medium=link_landing&amp;utm_campaign=motron_promo_seguro_gratis\"> <img loading=\"lazy\" decoding=\"async\" class=\"alignnone size-full wp-image-11848\" src=\"https:\/\/motron-motorcycles.com\/wp-content\/uploads\/2023\/03\/x-nord.png\" alt=\"\" width=\"300\" height=\"202\" \/><\/a> <a href=\"https:\/\/motron-motorcycles.com\/es\/models\/x-nord-125-touring\/?utm_source=motron_es&amp;utm_medium=link_landing&amp;utm_campaign=motron_promo_seguro_gratis\"><img loading=\"lazy\" decoding=\"async\" class=\"alignnone size-full wp-image-11773\" src=\"https:\/\/motron-motorcycles.com\/wp-content\/uploads\/2023\/03\/touring.png\" alt=\"\" width=\"300\" height=\"202\" \/><\/a> <a href=\"https:\/\/motron-motorcycles.com\/es\/models\/revolver-125\/?utm_source=motron_es&amp;utm_medium=link_landing&amp;utm_campaign=motron_promo_seguro_gratis\"><img loading=\"lazy\" decoding=\"async\" class=\"alignnone size-full wp-image-11758\" src=\"https:\/\/motron-motorcycles.com\/wp-content\/uploads\/2023\/03\/Revolver.png\" alt=\"\" width=\"300\" height=\"202\" \/><\/a> <a href=\"https:\/\/motron-motorcycles.com\/es\/models\/nomad-125\/?utm_source=motron_es&amp;utm_medium=link_landing&amp;utm_campaign=motron_promo_seguro_gratis\"><img loading=\"lazy\" decoding=\"async\" class=\"alignnone size-full wp-image-11743\" src=\"https:\/\/motron-motorcycles.com\/wp-content\/uploads\/2023\/03\/nomad.png\" alt=\"\" width=\"300\" height=\"202\" \/><\/a><\/p>\n<p>&nbsp;<\/p>\n<h3><span style=\"font-size: 18pt;\">SCOOTERS &#8211; 50cc &amp; 125cc<\/span><\/h3>\n<p><a href=\"https:\/\/motron-motorcycles.com\/es\/models\/ideo-50\/?utm_source=motron_es&amp;utm_medium=link_landing&amp;utm_campaign=motron_promo_seguro_gratis\"><img loading=\"lazy\" decoding=\"async\" class=\"alignnone size-full wp-image-11728\" src=\"https:\/\/motron-motorcycles.com\/wp-content\/uploads\/2023\/03\/ideo.png\" alt=\"\" width=\"300\" height=\"202\" \/><\/a> <a href=\"https:\/\/motron-motorcycles.com\/es\/models\/ventura-125\/?utm_source=motron_es&amp;utm_medium=link_landing&amp;utm_campaign=motron_promo_seguro_gratis\"><img loading=\"lazy\" decoding=\"async\" class=\"alignnone size-full wp-image-11788\" src=\"https:\/\/motron-motorcycles.com\/wp-content\/uploads\/2023\/03\/Ventura.png\" alt=\"\" width=\"300\" height=\"202\" \/><\/a><\/p>\n<p>&nbsp;<\/p>\n<h3><span style=\"font-size: 18pt;\">EL\u00c9CTRICAS &#8211; 50cc<\/span><\/h3>\n<p><a href=\"https:\/\/motron-motorcycles.com\/es\/models\/vizion\/?utm_source=motron_es&amp;utm_medium=link_landing&amp;utm_campaign=motron_promo_seguro_gratis\"> <img loading=\"lazy\" decoding=\"async\" class=\"alignnone size-full wp-image-11803\" src=\"https:\/\/motron-motorcycles.com\/wp-content\/uploads\/2023\/03\/vizion.png\" alt=\"\" width=\"300\" height=\"202\" \/><\/a> <a href=\"https:\/\/motron-motorcycles.com\/es\/models\/cubertino\/?utm_source=motron_es&amp;utm_medium=link_landing&amp;utm_campaign=motron_promo_seguro_gratis\"><img loading=\"lazy\" decoding=\"async\" class=\"alignnone wp-image-11864 size-full\" src=\"https:\/\/motron-motorcycles.com\/wp-content\/uploads\/2023\/03\/cubertino-1.png\" alt=\"\" width=\"300\" height=\"202\" \/><\/a> <a href=\"https:\/\/motron-motorcycles.com\/es\/models\/whizz\/?utm_source=motron_es&amp;utm_medium=link_landing&amp;utm_campaign=motron_promo_seguro_gratis\"><img loading=\"lazy\" decoding=\"async\" class=\"alignnone size-full wp-image-11833\" src=\"https:\/\/motron-motorcycles.com\/wp-content\/uploads\/2023\/03\/whizz.png\" alt=\"\" width=\"300\" height=\"202\" \/><\/a> <a href=\"https:\/\/motron-motorcycles.com\/es\/models\/voltz\/?utm_source=motron_es&amp;utm_medium=link_landing&amp;utm_campaign=motron_promo_seguro_gratis\"><img loading=\"lazy\" decoding=\"async\" class=\"alignnone size-full wp-image-11818\" src=\"https:\/\/motron-motorcycles.com\/wp-content\/uploads\/2023\/03\/voltz.png\" alt=\"\" width=\"300\" height=\"202\" \/><\/a><\/p>\n","background_colour":"background-black"},{"acf_fc_layout":"text_section","text":"<p>*Promoci\u00f3n solo v\u00e1lida para veh\u00edculos de nueva matriculaci\u00f3n, comprados a trav\u00e9s de la red de concesionarios adheridos a esta promoci\u00f3n y en territorio espa\u00f1ol, y para mayores de 25 a\u00f1os, para los conductores menores de 25 a\u00f1os existe un copago a cargo del cliente. Seguro contratado: R.C Obligatoria a terceros a trav\u00e9s de la corredur\u00eda de seguros Rib\u00e9Salat. Ampliaci\u00f3n de coberturas disponibles a cargo del cliente. Oferta no vinculante, sujeta a posibles cambios por parte de la aseguradora. Consulte condiciones en uno de los concesionarios adheridos a esta promoci\u00f3n.<\/p>\n","background_colour":"background-black"}]},"yoast_head":"<!-- This site is optimized with the Yoast SEO plugin v26.9 - https:\/\/yoast.com\/product\/yoast-seo-wordpress\/ -->\n<title>Promoci\u00f3n seguro y matr\u00edcula gratis - Motron Motorcycles<\/title>\n<meta name=\"robots\" content=\"index, follow, max-snippet:-1, max-image-preview:large, max-video-preview:-1\" \/>\n<link rel=\"canonical\" href=\"https:\/\/motron-motorcycles.com\/es\/promocion-seguro-y-matricula-gratis\/\" \/>\n<meta property=\"og:locale\" content=\"es_ES\" \/>\n<meta property=\"og:type\" content=\"article\" \/>\n<meta property=\"og:title\" content=\"Promoci\u00f3n seguro y matr\u00edcula gratis - Motron Motorcycles\" \/>\n<meta property=\"og:url\" content=\"https:\/\/motron-motorcycles.com\/es\/promocion-seguro-y-matricula-gratis\/\" \/>\n<meta property=\"og:site_name\" content=\"Motron Motorcycles\" \/>\n<meta property=\"article:modified_time\" content=\"2023-05-03T09:39:25+00:00\" \/>\n<meta name=\"twitter:card\" content=\"summary_large_image\" \/>\n<script type=\"application\/ld+json\" class=\"yoast-schema-graph\">{\"@context\":\"https:\/\/schema.org\",\"@graph\":[{\"@type\":\"WebPage\",\"@id\":\"https:\/\/motron-motorcycles.com\/es\/promocion-seguro-y-matricula-gratis\/\",\"url\":\"https:\/\/motron-motorcycles.com\/es\/promocion-seguro-y-matricula-gratis\/\",\"name\":\"Promoci\u00f3n seguro y matr\u00edcula gratis - Motron Motorcycles\",\"isPartOf\":{\"@id\":\"https:\/\/motron-motorcycles.com\/#website\"},\"datePublished\":\"2023-03-17T14:27:35+00:00\",\"dateModified\":\"2023-05-03T09:39:25+00:00\",\"breadcrumb\":{\"@id\":\"https:\/\/motron-motorcycles.com\/es\/promocion-seguro-y-matricula-gratis\/#breadcrumb\"},\"inLanguage\":\"es\",\"potentialAction\":[{\"@type\":\"ReadAction\",\"target\":[\"https:\/\/motron-motorcycles.com\/es\/promocion-seguro-y-matricula-gratis\/\"]}]},{\"@type\":\"BreadcrumbList\",\"@id\":\"https:\/\/motron-motorcycles.com\/es\/promocion-seguro-y-matricula-gratis\/#breadcrumb\",\"itemListElement\":[{\"@type\":\"ListItem\",\"position\":1,\"name\":\"Home\",\"item\":\"https:\/\/motron-motorcycles.com\/es\/\"},{\"@type\":\"ListItem\",\"position\":2,\"name\":\"Promoci\u00f3n seguro y matr\u00edcula gratis\"}]},{\"@type\":\"WebSite\",\"@id\":\"https:\/\/motron-motorcycles.com\/#website\",\"url\":\"https:\/\/motron-motorcycles.com\/\",\"name\":\"Motron Motorcycles\",\"description\":\"Motron Motorcycles - Get out there!\",\"potentialAction\":[{\"@type\":\"SearchAction\",\"target\":{\"@type\":\"EntryPoint\",\"urlTemplate\":\"https:\/\/motron-motorcycles.com\/?s={search_term_string}\"},\"query-input\":{\"@type\":\"PropertyValueSpecification\",\"valueRequired\":true,\"valueName\":\"search_term_string\"}}],\"inLanguage\":\"es\"}]}<\/script>\n<!-- \/ Yoast SEO plugin. -->","yoast_head_json":{"title":"Promoci\u00f3n seguro y matr\u00edcula gratis - Motron Motorcycles","robots":{"index":"index","follow":"follow","max-snippet":"max-snippet:-1","max-image-preview":"max-image-preview:large","max-video-preview":"max-video-preview:-1"},"canonical":"https:\/\/motron-motorcycles.com\/es\/promocion-seguro-y-matricula-gratis\/","og_locale":"es_ES","og_type":"article","og_title":"Promoci\u00f3n seguro y matr\u00edcula gratis - Motron Motorcycles","og_url":"https:\/\/motron-motorcycles.com\/es\/promocion-seguro-y-matricula-gratis\/","og_site_name":"Motron Motorcycles","article_modified_time":"2023-05-03T09:39:25+00:00","twitter_card":"summary_large_image","schema":{"@context":"https:\/\/schema.org","@graph":[{"@type":"WebPage","@id":"https:\/\/motron-motorcycles.com\/es\/promocion-seguro-y-matricula-gratis\/","url":"https:\/\/motron-motorcycles.com\/es\/promocion-seguro-y-matricula-gratis\/","name":"Promoci\u00f3n seguro y matr\u00edcula gratis - Motron Motorcycles","isPartOf":{"@id":"https:\/\/motron-motorcycles.com\/#website"},"datePublished":"2023-03-17T14:27:35+00:00","dateModified":"2023-05-03T09:39:25+00:00","breadcrumb":{"@id":"https:\/\/motron-motorcycles.com\/es\/promocion-seguro-y-matricula-gratis\/#breadcrumb"},"inLanguage":"es","potentialAction":[{"@type":"ReadAction","target":["https:\/\/motron-motorcycles.com\/es\/promocion-seguro-y-matricula-gratis\/"]}]},{"@type":"BreadcrumbList","@id":"https:\/\/motron-motorcycles.com\/es\/promocion-seguro-y-matricula-gratis\/#breadcrumb","itemListElement":[{"@type":"ListItem","position":1,"name":"Home","item":"https:\/\/motron-motorcycles.com\/es\/"},{"@type":"ListItem","position":2,"name":"Promoci\u00f3n seguro y matr\u00edcula gratis"}]},{"@type":"WebSite","@id":"https:\/\/motron-motorcycles.com\/#website","url":"https:\/\/motron-motorcycles.com\/","name":"Motron Motorcycles","description":"Motron Motorcycles - Get out there!","potentialAction":[{"@type":"SearchAction","target":{"@type":"EntryPoint","urlTemplate":"https:\/\/motron-motorcycles.com\/?s={search_term_string}"},"query-input":{"@type":"PropertyValueSpecification","valueRequired":true,"valueName":"search_term_string"}}],"inLanguage":"es"}]}},"_links":{"self":[{"href":"https:\/\/motron-motorcycles.com\/es\/wp-json\/wp\/v2\/pages\/11556","targetHints":{"allow":["GET"]}}],"collection":[{"href":"https:\/\/motron-motorcycles.com\/es\/wp-json\/wp\/v2\/pages"}],"about":[{"href":"https:\/\/motron-motorcycles.com\/es\/wp-json\/wp\/v2\/types\/page"}],"author":[{"embeddable":true,"href":"https:\/\/motron-motorcycles.com\/es\/wp-json\/wp\/v2\/users\/15"}],"replies":[{"embeddable":true,"href":"https:\/\/motron-motorcycles.com\/es\/wp-json\/wp\/v2\/comments?post=11556"}],"version-history":[{"count":39,"href":"https:\/\/motron-motorcycles.com\/es\/wp-json\/wp\/v2\/pages\/11556\/revisions"}],"predecessor-version":[{"id":11992,"href":"https:\/\/motron-motorcycles.com\/es\/wp-json\/wp\/v2\/pages\/11556\/revisions\/11992"}],"wp:attachment":[{"href":"https:\/\/motron-motorcycles.com\/es\/wp-json\/wp\/v2\/media?parent=11556"}],"curies":[{"name":"wp","href":"https:\/\/api.w.org\/{rel}","templated":true}]}}