{"id":3659,"date":"2021-09-09T09:17:21","date_gmt":"2021-09-09T09:17:21","guid":{"rendered":"https:\/\/motron-motorcycles.com\/afk-challenge\/"},"modified":"2021-11-03T09:42:25","modified_gmt":"2021-11-03T09:42:25","slug":"afk-challenge","status":"publish","type":"page","link":"https:\/\/motron-motorcycles.com\/es\/afk-challenge\/","title":{"rendered":"AFK Challenge"},"content":{"rendered":"","protected":false},"excerpt":{"rendered":"","protected":false},"author":2,"featured_media":0,"parent":0,"menu_order":8,"comment_status":"closed","ping_status":"closed","template":"","meta":{"_acf_changed":false,"ngg_post_thumbnail":0,"footnotes":""},"class_list":["post-3659","page","type-page","status-publish","hentry"],"acf":{"content_loop":[{"acf_fc_layout":"key_visual","image":{"ID":3518,"id":3518,"title":"AFK_Motron_KeyVisual_X-Nord_2000x885_b","filename":"AFK_Motron_KeyVisual_X-Nord_2000x885_b.jpg","filesize":239596,"url":"https:\/\/motron-motorcycles.com\/wp-content\/uploads\/2021\/09\/AFK_Motron_KeyVisual_X-Nord_2000x885_b.jpg","link":"https:\/\/motron-motorcycles.com\/es\/afk-challenge\/afk_motron_keyvisual_x-nord_2000x885_b\/","alt":"Motron The AFK Challenge","author":"2","description":"","caption":"","name":"afk_motron_keyvisual_x-nord_2000x885_b","status":"inherit","uploaded_to":3448,"date":"2021-09-10 07:09:37","modified":"2022-11-23 12:29:11","menu_order":0,"mime_type":"image\/jpeg","type":"image","subtype":"jpeg","icon":"https:\/\/motron-motorcycles.com\/wp-includes\/images\/media\/default.png","width":2000,"height":885,"sizes":{"thumbnail":"https:\/\/motron-motorcycles.com\/wp-content\/uploads\/2021\/09\/AFK_Motron_KeyVisual_X-Nord_2000x885_b-150x150.jpg","thumbnail-width":150,"thumbnail-height":150,"medium":"https:\/\/motron-motorcycles.com\/wp-content\/uploads\/2021\/09\/AFK_Motron_KeyVisual_X-Nord_2000x885_b-300x133.jpg","medium-width":300,"medium-height":133,"medium_large":"https:\/\/motron-motorcycles.com\/wp-content\/uploads\/2021\/09\/AFK_Motron_KeyVisual_X-Nord_2000x885_b-768x340.jpg","medium_large-width":640,"medium_large-height":283,"large":"https:\/\/motron-motorcycles.com\/wp-content\/uploads\/2021\/09\/AFK_Motron_KeyVisual_X-Nord_2000x885_b-1024x453.jpg","large-width":640,"large-height":283,"1536x1536":"https:\/\/motron-motorcycles.com\/wp-content\/uploads\/2021\/09\/AFK_Motron_KeyVisual_X-Nord_2000x885_b-1536x680.jpg","1536x1536-width":1536,"1536x1536-height":680,"2048x2048":"https:\/\/motron-motorcycles.com\/wp-content\/uploads\/2021\/09\/AFK_Motron_KeyVisual_X-Nord_2000x885_b.jpg","2048x2048-width":2000,"2048x2048-height":885}},"image_portrait":{"ID":3841,"id":3841,"title":"Motron_AFK_animation","filename":"Motron_AFK_animation-1.jpg","filesize":66694,"url":"https:\/\/motron-motorcycles.com\/wp-content\/uploads\/2021\/09\/Motron_AFK_animation-1.jpg","link":"https:\/\/motron-motorcycles.com\/es\/home\/motron_afk_animation-2-2\/","alt":"Motron The AFK Challenge","author":"2","description":"","caption":"","name":"motron_afk_animation-2-2","status":"inherit","uploaded_to":714,"date":"2021-09-21 11:28:36","modified":"2022-11-23 12:28:36","menu_order":0,"mime_type":"image\/jpeg","type":"image","subtype":"jpeg","icon":"https:\/\/motron-motorcycles.com\/wp-includes\/images\/media\/default.png","width":600,"height":1000,"sizes":{"thumbnail":"https:\/\/motron-motorcycles.com\/wp-content\/uploads\/2021\/09\/Motron_AFK_animation-1-150x150.jpg","thumbnail-width":150,"thumbnail-height":150,"medium":"https:\/\/motron-motorcycles.com\/wp-content\/uploads\/2021\/09\/Motron_AFK_animation-1-180x300.jpg","medium-width":180,"medium-height":300,"medium_large":"https:\/\/motron-motorcycles.com\/wp-content\/uploads\/2021\/09\/Motron_AFK_animation-1.jpg","medium_large-width":600,"medium_large-height":1000,"large":"https:\/\/motron-motorcycles.com\/wp-content\/uploads\/2021\/09\/Motron_AFK_animation-1.jpg","large-width":600,"large-height":1000,"1536x1536":"https:\/\/motron-motorcycles.com\/wp-content\/uploads\/2021\/09\/Motron_AFK_animation-1.jpg","1536x1536-width":600,"1536x1536-height":1000,"2048x2048":"https:\/\/motron-motorcycles.com\/wp-content\/uploads\/2021\/09\/Motron_AFK_animation-1.jpg","2048x2048-width":600,"2048x2048-height":1000}}},{"acf_fc_layout":"intro_text","left_column":"<h1><strong>Juego Finalizado &#8211;\u00a0<\/strong>AFK CHALLENGE<\/h1>\n","right_column":"<p>&nbsp;<\/p>\n<p><strong>El juego est\u00e1 en marcha \u2013 MOTRON AFK CHALLENGE<\/strong><\/p>\n<p>Por supuesto que una vida completamente alejada del teclado no es vida, en Motron Motorcycles lo sabemos muy bien. Pero al estar AFK tambi\u00e9n tienes la posibilidad de explorar un gran mundo all\u00ed fuera. \u00a1\u00danete a tus compa\u00f1eros de juego y descubre un nuevo mundo en tu Motron!<\/p>\n","left_cta":"","right_cta":""},{"acf_fc_layout":"intro_text","left_column":"<p><center><img decoding=\"async\" class=\"alignnone size-medium wp-image-3487\" src=\"https:\/\/motron-motorcycles.com\/wp-content\/uploads\/2021\/09\/MicrosoftTeams-image-12-scaled.jpg\" alt=\"\" width=\"100%\" height=\"100%\" \/><\/center><\/p>\n<div style=\"text-align: center;\">Las fotos no son vinculantes. El dise\u00f1o del merchandising de Motron puede estar sujeto a cambios.<\/div>\n<p>&nbsp;<\/p>\n","right_column":"<p>&nbsp;<\/p>\n<h3>Juguemos: MOTRON AFK CHALLENGE.<\/h3>\n<p>Participar en el Motron AFK Challenge es muy f\u00e1cil. S\u00f3lo tienes que escoger el modelo que m\u00e1s te gusta entre nuestra amplia gama (motocicletas, scooters o el\u00e9ctricas), encontrar tu concesionario m\u00e1s cercano, y salir a explorar el mundo de las dos ruedas. *<\/p>\n<p>Adem\u00e1s, con la compra de cualquiera de nuestros modelos de Motron \u00a1te enviaremos una bolsa con regalos oficiales de Motron Motorcycles! En la bolsa recibir\u00e1s: Sudadera con capucha, cuello, gorra, bolsa y llavero de Motron.<\/p>\n","left_cta":"","right_cta":""},{"acf_fc_layout":"intro_text","left_column":"<p><center><img decoding=\"async\" class=\"alignnone size-medium wp-image-486\" src=\"https:\/\/motron-motorcycles.com\/wp-content\/uploads\/2021\/09\/MicrosoftTeams-image1.jpg\" alt=\"Motron Motorcycles - X-Nord 125\" width=\"100%\" height=\"100%\" \/><\/center><\/p>\n","right_column":"<h3>Motron X-Nord<\/h3>\n<p>La X-Nord 125 es el ant\u00eddoto para no sentirse atrapado en casa y el modelo escogido por Perxitaaa para su Motron AFK Challenge. Construida con un chasis agresivo y moderno, te desaf\u00eda a escapar por las calles de la ciudad o por las carreteras del campo siempre que tengas la oportunidad. Dondequiera que conduzcas, nunca m\u00e1s desperdiciar\u00e1s otro fin de semana.<\/p>\n","left_cta":"","right_cta":{"title":"Quiero saber m\u00e1s","url":"https:\/\/motron-motorcycles.com\/es\/models\/x-nord-125\/","target":""}},{"acf_fc_layout":"text_section","text":"<p>*Promoci\u00f3n v\u00e1lida en Alemania, Austria, Suiza, Italia, Espa\u00f1a, Francia y B\u00e9lgica en el periodo de promoci\u00f3n del 24.9. &#8211; 31.10.2021, hasta que se revoque. OPORTUNIDAD de recibir una bolsa de regalo Motron (compuesta por sudadera con capucha, cuello, gorra, bolsa y llavero) con la compra de cualquier modelo Motron realizada entre el 24.9. y el 31.10.2021, hasta agotar existencias. No hay derecho a recibir la talla de sudadera deseada. Los datos deben presentarse hasta el 15.11.2021, a las 23:59. La promoci\u00f3n no se puede canjear por dinero ni combinar con otras promociones. Queda excluido el proceso legal.<\/p>\n","background_colour":"background-black"}]},"yoast_head":"<!-- This site is optimized with the Yoast SEO plugin v26.9 - https:\/\/yoast.com\/product\/yoast-seo-wordpress\/ -->\n<title>AFK Challenge - Motron Motorcycles<\/title>\n<meta name=\"robots\" content=\"index, follow, max-snippet:-1, max-image-preview:large, max-video-preview:-1\" \/>\n<link rel=\"canonical\" href=\"https:\/\/motron-motorcycles.com\/es\/afk-challenge\/\" \/>\n<meta property=\"og:locale\" content=\"es_ES\" \/>\n<meta property=\"og:type\" content=\"article\" \/>\n<meta property=\"og:title\" content=\"AFK Challenge - Motron Motorcycles\" \/>\n<meta property=\"og:url\" content=\"https:\/\/motron-motorcycles.com\/es\/afk-challenge\/\" \/>\n<meta property=\"og:site_name\" content=\"Motron Motorcycles\" \/>\n<meta property=\"article:modified_time\" content=\"2021-11-03T09:42:25+00:00\" \/>\n<meta name=\"twitter:card\" content=\"summary_large_image\" \/>\n<script type=\"application\/ld+json\" class=\"yoast-schema-graph\">{\"@context\":\"https:\/\/schema.org\",\"@graph\":[{\"@type\":\"WebPage\",\"@id\":\"https:\/\/motron-motorcycles.com\/es\/afk-challenge\/\",\"url\":\"https:\/\/motron-motorcycles.com\/es\/afk-challenge\/\",\"name\":\"AFK Challenge - Motron Motorcycles\",\"isPartOf\":{\"@id\":\"https:\/\/motron-motorcycles.com\/#website\"},\"datePublished\":\"2021-09-09T09:17:21+00:00\",\"dateModified\":\"2021-11-03T09:42:25+00:00\",\"breadcrumb\":{\"@id\":\"https:\/\/motron-motorcycles.com\/es\/afk-challenge\/#breadcrumb\"},\"inLanguage\":\"es\",\"potentialAction\":[{\"@type\":\"ReadAction\",\"target\":[\"https:\/\/motron-motorcycles.com\/es\/afk-challenge\/\"]}]},{\"@type\":\"BreadcrumbList\",\"@id\":\"https:\/\/motron-motorcycles.com\/es\/afk-challenge\/#breadcrumb\",\"itemListElement\":[{\"@type\":\"ListItem\",\"position\":1,\"name\":\"Home\",\"item\":\"https:\/\/motron-motorcycles.com\/es\/\"},{\"@type\":\"ListItem\",\"position\":2,\"name\":\"AFK Challenge\"}]},{\"@type\":\"WebSite\",\"@id\":\"https:\/\/motron-motorcycles.com\/#website\",\"url\":\"https:\/\/motron-motorcycles.com\/\",\"name\":\"Motron Motorcycles\",\"description\":\"Motron Motorcycles - Get out there!\",\"potentialAction\":[{\"@type\":\"SearchAction\",\"target\":{\"@type\":\"EntryPoint\",\"urlTemplate\":\"https:\/\/motron-motorcycles.com\/?s={search_term_string}\"},\"query-input\":{\"@type\":\"PropertyValueSpecification\",\"valueRequired\":true,\"valueName\":\"search_term_string\"}}],\"inLanguage\":\"es\"}]}<\/script>\n<!-- \/ Yoast SEO plugin. -->","yoast_head_json":{"title":"AFK Challenge - Motron Motorcycles","robots":{"index":"index","follow":"follow","max-snippet":"max-snippet:-1","max-image-preview":"max-image-preview:large","max-video-preview":"max-video-preview:-1"},"canonical":"https:\/\/motron-motorcycles.com\/es\/afk-challenge\/","og_locale":"es_ES","og_type":"article","og_title":"AFK Challenge - Motron Motorcycles","og_url":"https:\/\/motron-motorcycles.com\/es\/afk-challenge\/","og_site_name":"Motron Motorcycles","article_modified_time":"2021-11-03T09:42:25+00:00","twitter_card":"summary_large_image","schema":{"@context":"https:\/\/schema.org","@graph":[{"@type":"WebPage","@id":"https:\/\/motron-motorcycles.com\/es\/afk-challenge\/","url":"https:\/\/motron-motorcycles.com\/es\/afk-challenge\/","name":"AFK Challenge - Motron Motorcycles","isPartOf":{"@id":"https:\/\/motron-motorcycles.com\/#website"},"datePublished":"2021-09-09T09:17:21+00:00","dateModified":"2021-11-03T09:42:25+00:00","breadcrumb":{"@id":"https:\/\/motron-motorcycles.com\/es\/afk-challenge\/#breadcrumb"},"inLanguage":"es","potentialAction":[{"@type":"ReadAction","target":["https:\/\/motron-motorcycles.com\/es\/afk-challenge\/"]}]},{"@type":"BreadcrumbList","@id":"https:\/\/motron-motorcycles.com\/es\/afk-challenge\/#breadcrumb","itemListElement":[{"@type":"ListItem","position":1,"name":"Home","item":"https:\/\/motron-motorcycles.com\/es\/"},{"@type":"ListItem","position":2,"name":"AFK Challenge"}]},{"@type":"WebSite","@id":"https:\/\/motron-motorcycles.com\/#website","url":"https:\/\/motron-motorcycles.com\/","name":"Motron Motorcycles","description":"Motron Motorcycles - Get out there!","potentialAction":[{"@type":"SearchAction","target":{"@type":"EntryPoint","urlTemplate":"https:\/\/motron-motorcycles.com\/?s={search_term_string}"},"query-input":{"@type":"PropertyValueSpecification","valueRequired":true,"valueName":"search_term_string"}}],"inLanguage":"es"}]}},"_links":{"self":[{"href":"https:\/\/motron-motorcycles.com\/es\/wp-json\/wp\/v2\/pages\/3659","targetHints":{"allow":["GET"]}}],"collection":[{"href":"https:\/\/motron-motorcycles.com\/es\/wp-json\/wp\/v2\/pages"}],"about":[{"href":"https:\/\/motron-motorcycles.com\/es\/wp-json\/wp\/v2\/types\/page"}],"author":[{"embeddable":true,"href":"https:\/\/motron-motorcycles.com\/es\/wp-json\/wp\/v2\/users\/2"}],"replies":[{"embeddable":true,"href":"https:\/\/motron-motorcycles.com\/es\/wp-json\/wp\/v2\/comments?post=3659"}],"version-history":[{"count":34,"href":"https:\/\/motron-motorcycles.com\/es\/wp-json\/wp\/v2\/pages\/3659\/revisions"}],"predecessor-version":[{"id":5322,"href":"https:\/\/motron-motorcycles.com\/es\/wp-json\/wp\/v2\/pages\/3659\/revisions\/5322"}],"wp:attachment":[{"href":"https:\/\/motron-motorcycles.com\/es\/wp-json\/wp\/v2\/media?parent=3659"}],"curies":[{"name":"wp","href":"https:\/\/api.w.org\/{rel}","templated":true}]}}