{"id":701,"date":"2021-02-11T13:55:55","date_gmt":"2021-02-11T13:55:55","guid":{"rendered":"https:\/\/motron-motorcycles.com\/imprint\/"},"modified":"2022-11-30T08:54:39","modified_gmt":"2022-11-30T08:54:39","slug":"imprint","status":"publish","type":"page","link":"https:\/\/motron-motorcycles.com\/es\/imprint\/","title":{"rendered":"Imprint"},"content":{"rendered":"","protected":false},"excerpt":{"rendered":"","protected":false},"author":2,"featured_media":0,"parent":0,"menu_order":60,"comment_status":"closed","ping_status":"closed","template":"","meta":{"_acf_changed":false,"ngg_post_thumbnail":0,"footnotes":""},"class_list":["post-701","page","type-page","status-publish","hentry"],"acf":{"content_loop":[{"acf_fc_layout":"text_section","text":"<h3>IMPRINT<\/h3>\n<p>NOMBRE DE LA EMPRESA:\u00a0Grupo KSR<\/p>\n<p>DIRECTORES GENERALES: Christian y Michael Kirschenhofer<\/p>\n<p>REGISTRO DE EMPRESA: FN33744z<\/p>\n<p>TRIBUNAL RESPONSABLE: Landesgericht Krems<\/p>\n<p>N\u00daMERO DE IDENTIFICACI\u00d3N FISCAL: ATU 18522105<\/p>\n<p>MARCA Y DISE\u00d1O DE LA P\u00c1GINA WEB: Kastner &amp; Partners London<\/p>\n<p>POL\u00cdTICA DE PRIVACIDAD:\u00a0<a href=\"https:\/\/motron-motorcycles.com\/es\/politica-de-privacidad\/\">M\u00e1s informaci\u00f3n aqu\u00ed<\/a><\/p>\n<p>Toda la informaci\u00f3n se proporciona sin garant\u00eda. Se reservan los errores y los cambios.<\/p>\n","background_colour":"background-black"}]},"yoast_head":"<!-- This site is optimized with the Yoast SEO plugin v27.3 - https:\/\/yoast.com\/product\/yoast-seo-wordpress\/ -->\n<title>Imprint - Motron Motorcycles<\/title>\n<meta name=\"robots\" content=\"index, follow, max-snippet:-1, max-image-preview:large, max-video-preview:-1\" \/>\n<link rel=\"canonical\" href=\"https:\/\/motron-motorcycles.com\/es\/imprint\/\" \/>\n<meta property=\"og:locale\" content=\"es_ES\" \/>\n<meta property=\"og:type\" content=\"article\" \/>\n<meta property=\"og:title\" content=\"Imprint - Motron Motorcycles\" \/>\n<meta property=\"og:url\" content=\"https:\/\/motron-motorcycles.com\/es\/imprint\/\" \/>\n<meta property=\"og:site_name\" content=\"Motron Motorcycles\" \/>\n<meta property=\"article:modified_time\" content=\"2022-11-30T08:54:39+00:00\" \/>\n<meta name=\"twitter:card\" content=\"summary_large_image\" \/>\n<script type=\"application\/ld+json\" class=\"yoast-schema-graph\">{\"@context\":\"https:\\\/\\\/schema.org\",\"@graph\":[{\"@type\":\"WebPage\",\"@id\":\"https:\\\/\\\/motron-motorcycles.com\\\/es\\\/imprint\\\/\",\"url\":\"https:\\\/\\\/motron-motorcycles.com\\\/es\\\/imprint\\\/\",\"name\":\"Imprint - Motron Motorcycles\",\"isPartOf\":{\"@id\":\"https:\\\/\\\/motron-motorcycles.com\\\/#website\"},\"datePublished\":\"2021-02-11T13:55:55+00:00\",\"dateModified\":\"2022-11-30T08:54:39+00:00\",\"breadcrumb\":{\"@id\":\"https:\\\/\\\/motron-motorcycles.com\\\/es\\\/imprint\\\/#breadcrumb\"},\"inLanguage\":\"es\",\"potentialAction\":[{\"@type\":\"ReadAction\",\"target\":[\"https:\\\/\\\/motron-motorcycles.com\\\/es\\\/imprint\\\/\"]}]},{\"@type\":\"BreadcrumbList\",\"@id\":\"https:\\\/\\\/motron-motorcycles.com\\\/es\\\/imprint\\\/#breadcrumb\",\"itemListElement\":[{\"@type\":\"ListItem\",\"position\":1,\"name\":\"Home\",\"item\":\"https:\\\/\\\/motron-motorcycles.com\\\/es\\\/\"},{\"@type\":\"ListItem\",\"position\":2,\"name\":\"Imprint\"}]},{\"@type\":\"WebSite\",\"@id\":\"https:\\\/\\\/motron-motorcycles.com\\\/#website\",\"url\":\"https:\\\/\\\/motron-motorcycles.com\\\/\",\"name\":\"Motron Motorcycles\",\"description\":\"Motron Motorcycles - Get out there!\",\"potentialAction\":[{\"@type\":\"SearchAction\",\"target\":{\"@type\":\"EntryPoint\",\"urlTemplate\":\"https:\\\/\\\/motron-motorcycles.com\\\/?s={search_term_string}\"},\"query-input\":{\"@type\":\"PropertyValueSpecification\",\"valueRequired\":true,\"valueName\":\"search_term_string\"}}],\"inLanguage\":\"es\"}]}<\/script>\n<!-- \/ Yoast SEO plugin. -->","yoast_head_json":{"title":"Imprint - Motron Motorcycles","robots":{"index":"index","follow":"follow","max-snippet":"max-snippet:-1","max-image-preview":"max-image-preview:large","max-video-preview":"max-video-preview:-1"},"canonical":"https:\/\/motron-motorcycles.com\/es\/imprint\/","og_locale":"es_ES","og_type":"article","og_title":"Imprint - Motron Motorcycles","og_url":"https:\/\/motron-motorcycles.com\/es\/imprint\/","og_site_name":"Motron Motorcycles","article_modified_time":"2022-11-30T08:54:39+00:00","twitter_card":"summary_large_image","schema":{"@context":"https:\/\/schema.org","@graph":[{"@type":"WebPage","@id":"https:\/\/motron-motorcycles.com\/es\/imprint\/","url":"https:\/\/motron-motorcycles.com\/es\/imprint\/","name":"Imprint - Motron Motorcycles","isPartOf":{"@id":"https:\/\/motron-motorcycles.com\/#website"},"datePublished":"2021-02-11T13:55:55+00:00","dateModified":"2022-11-30T08:54:39+00:00","breadcrumb":{"@id":"https:\/\/motron-motorcycles.com\/es\/imprint\/#breadcrumb"},"inLanguage":"es","potentialAction":[{"@type":"ReadAction","target":["https:\/\/motron-motorcycles.com\/es\/imprint\/"]}]},{"@type":"BreadcrumbList","@id":"https:\/\/motron-motorcycles.com\/es\/imprint\/#breadcrumb","itemListElement":[{"@type":"ListItem","position":1,"name":"Home","item":"https:\/\/motron-motorcycles.com\/es\/"},{"@type":"ListItem","position":2,"name":"Imprint"}]},{"@type":"WebSite","@id":"https:\/\/motron-motorcycles.com\/#website","url":"https:\/\/motron-motorcycles.com\/","name":"Motron Motorcycles","description":"Motron Motorcycles - Get out there!","potentialAction":[{"@type":"SearchAction","target":{"@type":"EntryPoint","urlTemplate":"https:\/\/motron-motorcycles.com\/?s={search_term_string}"},"query-input":{"@type":"PropertyValueSpecification","valueRequired":true,"valueName":"search_term_string"}}],"inLanguage":"es"}]}},"_links":{"self":[{"href":"https:\/\/motron-motorcycles.com\/es\/wp-json\/wp\/v2\/pages\/701","targetHints":{"allow":["GET"]}}],"collection":[{"href":"https:\/\/motron-motorcycles.com\/es\/wp-json\/wp\/v2\/pages"}],"about":[{"href":"https:\/\/motron-motorcycles.com\/es\/wp-json\/wp\/v2\/types\/page"}],"author":[{"embeddable":true,"href":"https:\/\/motron-motorcycles.com\/es\/wp-json\/wp\/v2\/users\/2"}],"replies":[{"embeddable":true,"href":"https:\/\/motron-motorcycles.com\/es\/wp-json\/wp\/v2\/comments?post=701"}],"version-history":[{"count":5,"href":"https:\/\/motron-motorcycles.com\/es\/wp-json\/wp\/v2\/pages\/701\/revisions"}],"predecessor-version":[{"id":11456,"href":"https:\/\/motron-motorcycles.com\/es\/wp-json\/wp\/v2\/pages\/701\/revisions\/11456"}],"wp:attachment":[{"href":"https:\/\/motron-motorcycles.com\/es\/wp-json\/wp\/v2\/media?parent=701"}],"curies":[{"name":"wp","href":"https:\/\/api.w.org\/{rel}","templated":true}]}}