{"id":714,"date":"2021-02-05T11:45:24","date_gmt":"2021-02-05T11:45:24","guid":{"rendered":"https:\/\/motron-motorcycles.com\/home\/"},"modified":"2023-03-16T12:46:15","modified_gmt":"2023-03-16T12:46:15","slug":"home","status":"publish","type":"page","link":"https:\/\/motron-motorcycles.com\/es\/","title":{"rendered":"P\u00e1gina de inicio"},"content":{"rendered":"","protected":false},"excerpt":{"rendered":"","protected":false},"author":1,"featured_media":0,"parent":0,"menu_order":121,"comment_status":"closed","ping_status":"closed","template":"template-home.php","meta":{"_acf_changed":false,"ngg_post_thumbnail":0,"footnotes":""},"class_list":["post-714","page","type-page","status-publish","hentry"],"acf":{"content_loop":[{"acf_fc_layout":"key_visual","image":{"ID":4909,"id":4909,"title":"Motron_KeyVisual_categories_Header","filename":"Motron_KeyVisual_categories_Header.jpg","filesize":299393,"url":"https:\/\/motron-motorcycles.com\/wp-content\/uploads\/2021\/09\/Motron_KeyVisual_categories_Header.jpg","link":"https:\/\/motron-motorcycles.com\/es\/home\/motron_keyvisual_categories_header\/","alt":"","author":"2","description":"","caption":"","name":"motron_keyvisual_categories_header","status":"inherit","uploaded_to":714,"date":"2021-09-23 14:38:47","modified":"2021-11-10 12:09:14","menu_order":0,"mime_type":"image\/jpeg","type":"image","subtype":"jpeg","icon":"https:\/\/motron-motorcycles.com\/wp-includes\/images\/media\/default.png","width":2000,"height":1414,"sizes":{"thumbnail":"https:\/\/motron-motorcycles.com\/wp-content\/uploads\/2021\/09\/Motron_KeyVisual_categories_Header-150x150.jpg","thumbnail-width":150,"thumbnail-height":150,"medium":"https:\/\/motron-motorcycles.com\/wp-content\/uploads\/2021\/09\/Motron_KeyVisual_categories_Header-300x212.jpg","medium-width":300,"medium-height":212,"medium_large":"https:\/\/motron-motorcycles.com\/wp-content\/uploads\/2021\/09\/Motron_KeyVisual_categories_Header-768x543.jpg","medium_large-width":640,"medium_large-height":453,"large":"https:\/\/motron-motorcycles.com\/wp-content\/uploads\/2021\/09\/Motron_KeyVisual_categories_Header-1024x724.jpg","large-width":640,"large-height":453,"1536x1536":"https:\/\/motron-motorcycles.com\/wp-content\/uploads\/2021\/09\/Motron_KeyVisual_categories_Header-1536x1086.jpg","1536x1536-width":1536,"1536x1536-height":1086,"2048x2048":"https:\/\/motron-motorcycles.com\/wp-content\/uploads\/2021\/09\/Motron_KeyVisual_categories_Header.jpg","2048x2048-width":2000,"2048x2048-height":1414}},"image_portrait":{"ID":4909,"id":4909,"title":"Motron_KeyVisual_categories_Header","filename":"Motron_KeyVisual_categories_Header.jpg","filesize":299393,"url":"https:\/\/motron-motorcycles.com\/wp-content\/uploads\/2021\/09\/Motron_KeyVisual_categories_Header.jpg","link":"https:\/\/motron-motorcycles.com\/es\/home\/motron_keyvisual_categories_header\/","alt":"","author":"2","description":"","caption":"","name":"motron_keyvisual_categories_header","status":"inherit","uploaded_to":714,"date":"2021-09-23 14:38:47","modified":"2021-11-10 12:09:14","menu_order":0,"mime_type":"image\/jpeg","type":"image","subtype":"jpeg","icon":"https:\/\/motron-motorcycles.com\/wp-includes\/images\/media\/default.png","width":2000,"height":1414,"sizes":{"thumbnail":"https:\/\/motron-motorcycles.com\/wp-content\/uploads\/2021\/09\/Motron_KeyVisual_categories_Header-150x150.jpg","thumbnail-width":150,"thumbnail-height":150,"medium":"https:\/\/motron-motorcycles.com\/wp-content\/uploads\/2021\/09\/Motron_KeyVisual_categories_Header-300x212.jpg","medium-width":300,"medium-height":212,"medium_large":"https:\/\/motron-motorcycles.com\/wp-content\/uploads\/2021\/09\/Motron_KeyVisual_categories_Header-768x543.jpg","medium_large-width":640,"medium_large-height":453,"large":"https:\/\/motron-motorcycles.com\/wp-content\/uploads\/2021\/09\/Motron_KeyVisual_categories_Header-1024x724.jpg","large-width":640,"large-height":453,"1536x1536":"https:\/\/motron-motorcycles.com\/wp-content\/uploads\/2021\/09\/Motron_KeyVisual_categories_Header-1536x1086.jpg","1536x1536-width":1536,"1536x1536-height":1086,"2048x2048":"https:\/\/motron-motorcycles.com\/wp-content\/uploads\/2021\/09\/Motron_KeyVisual_categories_Header.jpg","2048x2048-width":2000,"2048x2048-height":1414}}},{"acf_fc_layout":"intro_text","left_column":"<h2>GET<br \/>\nOUT<br \/>\nTHERE.<\/h2>\n","right_column":"<p>Deja de ser un pasajero toda la vida. Deja de esperar a que ocurra algo. Con Motron dejar\u00e1s de ser el acompa\u00f1ante y comenzar\u00e1s a hacer tu propio camino. As\u00ed que enciende tu primera dosis de adrenalina y prep\u00e1rate para dejar atr\u00e1s el aburrimiento.<\/p>\n<p>Esc\u00e1pate de casa. Pi\u00e9rdete en un lugar nuevo. <strong>Get out there.<\/strong><\/p>\n","left_cta":"","right_cta":{"title":"Cont\u00e1ctanos","url":"https:\/\/motron-motorcycles.com\/es\/contact\/","target":""}}],"range_title":"La <br \/>\r\nGama","video_background":false,"footer_video":""},"yoast_head":"<!-- This site is optimized with the Yoast SEO plugin v26.7 - https:\/\/yoast.com\/wordpress\/plugins\/seo\/ -->\n<title>Motron Motorcycles | Get out there<\/title>\n<meta name=\"description\" content=\"Cada giro del acelerador es un desaf\u00edo. Esc\u00e1pate de casa. Olv\u00eddate de todo. Pi\u00e9rdete en alg\u00fan lugar nuevo. Sal ah\u00ed fuera.\" \/>\n<meta name=\"robots\" content=\"index, follow, max-snippet:-1, max-image-preview:large, max-video-preview:-1\" \/>\n<link rel=\"canonical\" href=\"https:\/\/motron-motorcycles.com\/es\/\" \/>\n<meta property=\"og:locale\" content=\"es_ES\" \/>\n<meta property=\"og:type\" content=\"article\" \/>\n<meta property=\"og:title\" content=\"Motron Motorcycles\" \/>\n<meta property=\"og:description\" content=\"Esc\u00e1pate de casa. Olv\u00eddate de registrar. Pi\u00e9rdete en un lugar nuevo. Get out there.\" \/>\n<meta property=\"og:url\" content=\"https:\/\/motron-motorcycles.com\/es\/\" \/>\n<meta property=\"og:site_name\" content=\"Motron Motorcycles\" \/>\n<meta property=\"article:modified_time\" content=\"2023-03-16T12:46:15+00:00\" \/>\n<meta property=\"og:image\" content=\"https:\/\/motron-motorcycles.com\/wp-content\/uploads\/2021\/02\/Motron_Key_allversions_blackseats-web.jpg\" \/>\n\t<meta property=\"og:image:width\" content=\"2000\" \/>\n\t<meta property=\"og:image:height\" content=\"1414\" \/>\n\t<meta property=\"og:image:type\" content=\"image\/jpeg\" \/>\n<meta name=\"twitter:card\" content=\"summary_large_image\" \/>\n<meta name=\"twitter:title\" content=\"Motron Motorcycles\" \/>\n<meta name=\"twitter:description\" content=\"Esc\u00e1pate de casa. Olv\u00eddate de registrar. Pi\u00e9rdete en un lugar nuevo. Get out there.\" \/>\n<meta name=\"twitter:image\" content=\"https:\/\/motron-motorcycles.com\/wp-content\/uploads\/2021\/02\/Motron_Key_allversions_blackseats-web.jpg\" \/>\n<script type=\"application\/ld+json\" class=\"yoast-schema-graph\">{\"@context\":\"https:\/\/schema.org\",\"@graph\":[{\"@type\":\"WebPage\",\"@id\":\"https:\/\/motron-motorcycles.com\/es\/\",\"url\":\"https:\/\/motron-motorcycles.com\/es\/\",\"name\":\"Motron Motorcycles | Get out there\",\"isPartOf\":{\"@id\":\"https:\/\/motron-motorcycles.com\/#website\"},\"datePublished\":\"2021-02-05T11:45:24+00:00\",\"dateModified\":\"2023-03-16T12:46:15+00:00\",\"description\":\"Cada giro del acelerador es un desaf\u00edo. Esc\u00e1pate de casa. Olv\u00eddate de todo. Pi\u00e9rdete en alg\u00fan lugar nuevo. Sal ah\u00ed fuera.\",\"breadcrumb\":{\"@id\":\"https:\/\/motron-motorcycles.com\/es\/#breadcrumb\"},\"inLanguage\":\"es\",\"potentialAction\":[{\"@type\":\"ReadAction\",\"target\":[\"https:\/\/motron-motorcycles.com\/es\/\"]}]},{\"@type\":\"BreadcrumbList\",\"@id\":\"https:\/\/motron-motorcycles.com\/es\/#breadcrumb\",\"itemListElement\":[{\"@type\":\"ListItem\",\"position\":1,\"name\":\"Home\",\"item\":\"https:\/\/motron-motorcycles.com\/es\/\"},{\"@type\":\"ListItem\",\"position\":2,\"name\":\"P\u00e1gina de inicio\"}]},{\"@type\":\"WebSite\",\"@id\":\"https:\/\/motron-motorcycles.com\/#website\",\"url\":\"https:\/\/motron-motorcycles.com\/\",\"name\":\"Motron Motorcycles\",\"description\":\"Motron Motorcycles - Get out there!\",\"potentialAction\":[{\"@type\":\"SearchAction\",\"target\":{\"@type\":\"EntryPoint\",\"urlTemplate\":\"https:\/\/motron-motorcycles.com\/?s={search_term_string}\"},\"query-input\":{\"@type\":\"PropertyValueSpecification\",\"valueRequired\":true,\"valueName\":\"search_term_string\"}}],\"inLanguage\":\"es\"}]}<\/script>\n<!-- \/ Yoast SEO plugin. -->","yoast_head_json":{"title":"Motron Motorcycles | Get out there","description":"Cada giro del acelerador es un desaf\u00edo. Esc\u00e1pate de casa. Olv\u00eddate de todo. Pi\u00e9rdete en alg\u00fan lugar nuevo. Sal ah\u00ed fuera.","robots":{"index":"index","follow":"follow","max-snippet":"max-snippet:-1","max-image-preview":"max-image-preview:large","max-video-preview":"max-video-preview:-1"},"canonical":"https:\/\/motron-motorcycles.com\/es\/","og_locale":"es_ES","og_type":"article","og_title":"Motron Motorcycles","og_description":"Esc\u00e1pate de casa. Olv\u00eddate de registrar. Pi\u00e9rdete en un lugar nuevo. Get out there.","og_url":"https:\/\/motron-motorcycles.com\/es\/","og_site_name":"Motron Motorcycles","article_modified_time":"2023-03-16T12:46:15+00:00","og_image":[{"width":2000,"height":1414,"url":"https:\/\/motron-motorcycles.com\/wp-content\/uploads\/2021\/02\/Motron_Key_allversions_blackseats-web.jpg","type":"image\/jpeg"}],"twitter_card":"summary_large_image","twitter_title":"Motron Motorcycles","twitter_description":"Esc\u00e1pate de casa. Olv\u00eddate de registrar. Pi\u00e9rdete en un lugar nuevo. Get out there.","twitter_image":"https:\/\/motron-motorcycles.com\/wp-content\/uploads\/2021\/02\/Motron_Key_allversions_blackseats-web.jpg","schema":{"@context":"https:\/\/schema.org","@graph":[{"@type":"WebPage","@id":"https:\/\/motron-motorcycles.com\/es\/","url":"https:\/\/motron-motorcycles.com\/es\/","name":"Motron Motorcycles | Get out there","isPartOf":{"@id":"https:\/\/motron-motorcycles.com\/#website"},"datePublished":"2021-02-05T11:45:24+00:00","dateModified":"2023-03-16T12:46:15+00:00","description":"Cada giro del acelerador es un desaf\u00edo. Esc\u00e1pate de casa. Olv\u00eddate de todo. Pi\u00e9rdete en alg\u00fan lugar nuevo. Sal ah\u00ed fuera.","breadcrumb":{"@id":"https:\/\/motron-motorcycles.com\/es\/#breadcrumb"},"inLanguage":"es","potentialAction":[{"@type":"ReadAction","target":["https:\/\/motron-motorcycles.com\/es\/"]}]},{"@type":"BreadcrumbList","@id":"https:\/\/motron-motorcycles.com\/es\/#breadcrumb","itemListElement":[{"@type":"ListItem","position":1,"name":"Home","item":"https:\/\/motron-motorcycles.com\/es\/"},{"@type":"ListItem","position":2,"name":"P\u00e1gina de inicio"}]},{"@type":"WebSite","@id":"https:\/\/motron-motorcycles.com\/#website","url":"https:\/\/motron-motorcycles.com\/","name":"Motron Motorcycles","description":"Motron Motorcycles - Get out there!","potentialAction":[{"@type":"SearchAction","target":{"@type":"EntryPoint","urlTemplate":"https:\/\/motron-motorcycles.com\/?s={search_term_string}"},"query-input":{"@type":"PropertyValueSpecification","valueRequired":true,"valueName":"search_term_string"}}],"inLanguage":"es"}]}},"_links":{"self":[{"href":"https:\/\/motron-motorcycles.com\/es\/wp-json\/wp\/v2\/pages\/714","targetHints":{"allow":["GET"]}}],"collection":[{"href":"https:\/\/motron-motorcycles.com\/es\/wp-json\/wp\/v2\/pages"}],"about":[{"href":"https:\/\/motron-motorcycles.com\/es\/wp-json\/wp\/v2\/types\/page"}],"author":[{"embeddable":true,"href":"https:\/\/motron-motorcycles.com\/es\/wp-json\/wp\/v2\/users\/1"}],"replies":[{"embeddable":true,"href":"https:\/\/motron-motorcycles.com\/es\/wp-json\/wp\/v2\/comments?post=714"}],"version-history":[{"count":14,"href":"https:\/\/motron-motorcycles.com\/es\/wp-json\/wp\/v2\/pages\/714\/revisions"}],"predecessor-version":[{"id":10645,"href":"https:\/\/motron-motorcycles.com\/es\/wp-json\/wp\/v2\/pages\/714\/revisions\/10645"}],"wp:attachment":[{"href":"https:\/\/motron-motorcycles.com\/es\/wp-json\/wp\/v2\/media?parent=714"}],"curies":[{"name":"wp","href":"https:\/\/api.w.org\/{rel}","templated":true}]}}