{"id":3664,"date":"2021-09-09T09:17:21","date_gmt":"2021-09-09T09:17:21","guid":{"rendered":"https:\/\/motron-motorcycles.com\/afk-challenge\/"},"modified":"2021-10-22T06:56:49","modified_gmt":"2021-10-22T06:56:49","slug":"afk-challenge","status":"publish","type":"page","link":"https:\/\/motron-motorcycles.com\/fr\/afk-challenge\/","title":{"rendered":"AFK Challenge"},"content":{"rendered":"","protected":false},"excerpt":{"rendered":"","protected":false},"author":2,"featured_media":0,"parent":0,"menu_order":13,"comment_status":"closed","ping_status":"closed","template":"","meta":{"_acf_changed":false,"ngg_post_thumbnail":0,"footnotes":""},"class_list":["post-3664","page","type-page","status-publish","hentry"],"acf":{"content_loop":[{"acf_fc_layout":"key_visual","image":{"ID":3518,"id":3518,"title":"AFK_Motron_KeyVisual_X-Nord_2000x885_b","filename":"AFK_Motron_KeyVisual_X-Nord_2000x885_b.jpg","filesize":239596,"url":"https:\/\/motron-motorcycles.com\/wp-content\/uploads\/2021\/09\/AFK_Motron_KeyVisual_X-Nord_2000x885_b.jpg","link":"https:\/\/motron-motorcycles.com\/fr\/afk-challenge\/afk_motron_keyvisual_x-nord_2000x885_b\/","alt":"Motron The AFK Challenge","author":"2","description":"","caption":"","name":"afk_motron_keyvisual_x-nord_2000x885_b","status":"inherit","uploaded_to":3448,"date":"2021-09-10 07:09:37","modified":"2022-11-23 12:29:11","menu_order":0,"mime_type":"image\/jpeg","type":"image","subtype":"jpeg","icon":"https:\/\/motron-motorcycles.com\/wp-includes\/images\/media\/default.png","width":2000,"height":885,"sizes":{"thumbnail":"https:\/\/motron-motorcycles.com\/wp-content\/uploads\/2021\/09\/AFK_Motron_KeyVisual_X-Nord_2000x885_b-150x150.jpg","thumbnail-width":150,"thumbnail-height":150,"medium":"https:\/\/motron-motorcycles.com\/wp-content\/uploads\/2021\/09\/AFK_Motron_KeyVisual_X-Nord_2000x885_b-300x133.jpg","medium-width":300,"medium-height":133,"medium_large":"https:\/\/motron-motorcycles.com\/wp-content\/uploads\/2021\/09\/AFK_Motron_KeyVisual_X-Nord_2000x885_b-768x340.jpg","medium_large-width":640,"medium_large-height":283,"large":"https:\/\/motron-motorcycles.com\/wp-content\/uploads\/2021\/09\/AFK_Motron_KeyVisual_X-Nord_2000x885_b-1024x453.jpg","large-width":640,"large-height":283,"1536x1536":"https:\/\/motron-motorcycles.com\/wp-content\/uploads\/2021\/09\/AFK_Motron_KeyVisual_X-Nord_2000x885_b-1536x680.jpg","1536x1536-width":1536,"1536x1536-height":680,"2048x2048":"https:\/\/motron-motorcycles.com\/wp-content\/uploads\/2021\/09\/AFK_Motron_KeyVisual_X-Nord_2000x885_b.jpg","2048x2048-width":2000,"2048x2048-height":885}},"image_portrait":{"ID":3835,"id":3835,"title":"Motron_AFK_animation","filename":"Motron_AFK_animation-1.jpg","filesize":66694,"url":"https:\/\/motron-motorcycles.com\/wp-content\/uploads\/2021\/09\/Motron_AFK_animation-1.jpg","link":"https:\/\/motron-motorcycles.com\/fr\/home-page\/motron_afk_animation-2-2\/","alt":"Motron The AFK Challenge","author":"2","description":"","caption":"","name":"motron_afk_animation-2-2","status":"inherit","uploaded_to":709,"date":"2021-09-21 11:28:36","modified":"2022-11-23 12:28:36","menu_order":0,"mime_type":"image\/jpeg","type":"image","subtype":"jpeg","icon":"https:\/\/motron-motorcycles.com\/wp-includes\/images\/media\/default.png","width":600,"height":1000,"sizes":{"thumbnail":"https:\/\/motron-motorcycles.com\/wp-content\/uploads\/2021\/09\/Motron_AFK_animation-1-150x150.jpg","thumbnail-width":150,"thumbnail-height":150,"medium":"https:\/\/motron-motorcycles.com\/wp-content\/uploads\/2021\/09\/Motron_AFK_animation-1-180x300.jpg","medium-width":180,"medium-height":300,"medium_large":"https:\/\/motron-motorcycles.com\/wp-content\/uploads\/2021\/09\/Motron_AFK_animation-1.jpg","medium_large-width":600,"medium_large-height":1000,"large":"https:\/\/motron-motorcycles.com\/wp-content\/uploads\/2021\/09\/Motron_AFK_animation-1.jpg","large-width":600,"large-height":1000,"1536x1536":"https:\/\/motron-motorcycles.com\/wp-content\/uploads\/2021\/09\/Motron_AFK_animation-1.jpg","1536x1536-width":600,"1536x1536-height":1000,"2048x2048":"https:\/\/motron-motorcycles.com\/wp-content\/uploads\/2021\/09\/Motron_AFK_animation-1.jpg","2048x2048-width":600,"2048x2048-height":1000}}},{"acf_fc_layout":"intro_text","left_column":"<h1><\/h1>\n<h1>Let\u2019s play : AFK<\/h1>\n","right_column":"<h4>Le game est en marche : Get out there.<\/h4>\n<p>On est bien d&rsquo;accord, pour un gamer, une vie \u00ab Away From Keyboard \u00bb, ce n&rsquo;est pas une vie &#8211; chez Motron Motorcycles, on ne va pas vous dire le contraire. Mais honn\u00eatement, il existe aussi des terrains de jeu fantastiques loin des \u00e9crans, qui n&rsquo;attendent que toi ! Rejoins les autres gamers et d\u00e9couvre un nouvel univers passionnant avec Motron !<\/p>\n<p>On a tous \u00e9t\u00e9 d\u00e9butants un jour. Inscris-toi d\u00e8s \u00e0 pr\u00e9sent, obtiens ton code promo pour un superbe kit de goodies Motron et re\u00e7ois les derni\u00e8res infos sur Motron Motorcycles &#8211; en temps r\u00e9el.<\/p>\n","left_cta":"","right_cta":{"title":"Je m'enregistre","url":"https:\/\/motron-motorcycles.com\/fr\/afk-challenge-sign-up\/","target":""}},{"acf_fc_layout":"intro_text","left_column":"<p><center><img decoding=\"async\" class=\"alignnone size-medium wp-image-3487\" src=\"https:\/\/motron-motorcycles.com\/wp-content\/uploads\/2021\/09\/MicrosoftTeams-image-12-scaled.jpg\" alt=\"\" width=\"100%\" height=\"100%\" \/><\/center><\/p>\n<div>Photos non contractuelles. Le design des articles publicitaires Motron peut \u00eatre sujet \u00e0 des modifications.<\/div>\n<p>&nbsp;<\/p>\n","right_column":"<h3>Et si on jouait ? Lance-toi !<\/h3>\n<p>Pour participer au Motron AFK Challenge, c&rsquo;est tr\u00e8s facile. Il suffit de choisir le mod\u00e8le qui te pla\u00eet le plus parmi notre large gamme (motos et scooters, thermiques ou \u00e9lectriques), de trouver le concessionnaire le plus proche de chez toi et de partir \u00e0 la d\u00e9couverte du monde du deux-roues !*<\/p>\n<p>Pour tout achat de l&rsquo;un de nos mod\u00e8les Motron, nous t&rsquo;enverrons un kit comprenant les <strong>goodies officiels Motron Motorcycles<\/strong> ! Tu trouveras dans le kit un sweat \u00e0 capuche Motron, la casquette Motron, un sac ainsi que le porte-cl\u00e9s de la marque !<\/p>\n","left_cta":"","right_cta":{"title":"Je m'enregistre","url":"https:\/\/motron-motorcycles.com\/fr\/afk-challenge-sign-up\/","target":""}},{"acf_fc_layout":"intro_text","left_column":"<p><center><\/center><center><\/center><center><\/center><center><img decoding=\"async\" class=\"alignnone size-medium wp-image-486\" src=\"https:\/\/motron-motorcycles.com\/wp-content\/uploads\/2021\/09\/frankreich.jpg\" alt=\"Motron Motorcycles - X-Nord 125\" width=\"100%\" height=\"100%\" \/><\/center><\/p>\n","right_column":"<h3>Le mod\u00e8le utilis\u00e9 par Garry&rsquo;s School : la Motron X-Nord<\/h3>\n<div class=\"content-row\">\n<div class=\"col-12\">\n<div class=\"model-info\">\n<div class=\"description\">\n<p>La X-Nord 125 est l\u2019antidote id\u00e9al pour tous ceux qui ne supportent pas de rester enferm\u00e9s chez eux. Con\u00e7ue autour d\u2019un ch\u00e2ssis agressif et moderne, elle vous invite \u00e0 vous \u00e9chapper en ville ou sur les routes de campagne \u00e0 chaque fois que vous en avez l\u2019occasion. Qu\u2019importe la destination, vous avez la garantie d\u2019un week-end r\u00e9ussi !<\/p>\n<\/div>\n<\/div>\n<\/div>\n<\/div>\n","left_cta":"","right_cta":{"title":"Plus d'infos ici","url":"https:\/\/motron-motorcycles.com\/fr\/models\/x-nord-125\/","target":""}},{"acf_fc_layout":"text_section","text":"<p>* Offre promotionnelle valable en Allemagne, Autriche, Suisse, Italie, Espagne, France et Belgique pendant la p\u00e9riode du 24\/09 au 31\/10\/2021 ou jusqu&rsquo;\u00e0 sa r\u00e9vocation anticip\u00e9e. POSSIBILIT\u00c9 de recevoir un kit Motron offert (compos\u00e9 d&rsquo;un sweat \u00e0 capuche, d&rsquo;un tour de cou, d&rsquo;une casquette, d&rsquo;un sac et d&rsquo;un porte-cl\u00e9) pour l&rsquo;achat de tout mod\u00e8le Motron entre le 24\/09 et le 31\/10\/2021, dans la limite des stocks disponibles. Il n&rsquo;y a pas d&rsquo;obligation de Motron de fournir la taille de sweat \u00e0 capuche souhait\u00e9e. Les donn\u00e9es doivent \u00eatre transmises avant le 15\/10\/2021 (23:59). L&rsquo;offre promotionnelle ne peut \u00eatre \u00e9chang\u00e9e contre une somme en esp\u00e8ces ou cumul\u00e9e avec d&rsquo;autres promotions. Toute proc\u00e9dure judiciaire est exclue.<\/p>\n","background_colour":"background-black"}]},"yoast_head":"<!-- This site is optimized with the Yoast SEO plugin v27.1.1 - https:\/\/yoast.com\/product\/yoast-seo-wordpress\/ -->\n<title>AFK Challenge - Motron Motorcycles<\/title>\n<meta name=\"robots\" content=\"index, follow, max-snippet:-1, max-image-preview:large, max-video-preview:-1\" \/>\n<link rel=\"canonical\" href=\"https:\/\/motron-motorcycles.com\/fr\/afk-challenge\/\" \/>\n<meta property=\"og:locale\" content=\"fr_FR\" \/>\n<meta property=\"og:type\" content=\"article\" \/>\n<meta property=\"og:title\" content=\"AFK Challenge - Motron Motorcycles\" \/>\n<meta property=\"og:url\" content=\"https:\/\/motron-motorcycles.com\/fr\/afk-challenge\/\" \/>\n<meta property=\"og:site_name\" content=\"Motron Motorcycles\" \/>\n<meta property=\"article:modified_time\" content=\"2021-10-22T06:56:49+00:00\" \/>\n<meta name=\"twitter:card\" content=\"summary_large_image\" \/>\n<script type=\"application\/ld+json\" class=\"yoast-schema-graph\">{\"@context\":\"https:\/\/schema.org\",\"@graph\":[{\"@type\":\"WebPage\",\"@id\":\"https:\/\/motron-motorcycles.com\/fr\/afk-challenge\/\",\"url\":\"https:\/\/motron-motorcycles.com\/fr\/afk-challenge\/\",\"name\":\"AFK Challenge - Motron Motorcycles\",\"isPartOf\":{\"@id\":\"https:\/\/motron-motorcycles.com\/#website\"},\"datePublished\":\"2021-09-09T09:17:21+00:00\",\"dateModified\":\"2021-10-22T06:56:49+00:00\",\"breadcrumb\":{\"@id\":\"https:\/\/motron-motorcycles.com\/fr\/afk-challenge\/#breadcrumb\"},\"inLanguage\":\"fr-FR\",\"potentialAction\":[{\"@type\":\"ReadAction\",\"target\":[\"https:\/\/motron-motorcycles.com\/fr\/afk-challenge\/\"]}]},{\"@type\":\"BreadcrumbList\",\"@id\":\"https:\/\/motron-motorcycles.com\/fr\/afk-challenge\/#breadcrumb\",\"itemListElement\":[{\"@type\":\"ListItem\",\"position\":1,\"name\":\"Home\",\"item\":\"https:\/\/motron-motorcycles.com\/fr\/\"},{\"@type\":\"ListItem\",\"position\":2,\"name\":\"AFK Challenge\"}]},{\"@type\":\"WebSite\",\"@id\":\"https:\/\/motron-motorcycles.com\/#website\",\"url\":\"https:\/\/motron-motorcycles.com\/\",\"name\":\"Motron Motorcycles\",\"description\":\"Motron Motorcycles - Get out there!\",\"potentialAction\":[{\"@type\":\"SearchAction\",\"target\":{\"@type\":\"EntryPoint\",\"urlTemplate\":\"https:\/\/motron-motorcycles.com\/?s={search_term_string}\"},\"query-input\":{\"@type\":\"PropertyValueSpecification\",\"valueRequired\":true,\"valueName\":\"search_term_string\"}}],\"inLanguage\":\"fr-FR\"}]}<\/script>\n<!-- \/ Yoast SEO plugin. -->","yoast_head_json":{"title":"AFK Challenge - Motron Motorcycles","robots":{"index":"index","follow":"follow","max-snippet":"max-snippet:-1","max-image-preview":"max-image-preview:large","max-video-preview":"max-video-preview:-1"},"canonical":"https:\/\/motron-motorcycles.com\/fr\/afk-challenge\/","og_locale":"fr_FR","og_type":"article","og_title":"AFK Challenge - Motron Motorcycles","og_url":"https:\/\/motron-motorcycles.com\/fr\/afk-challenge\/","og_site_name":"Motron Motorcycles","article_modified_time":"2021-10-22T06:56:49+00:00","twitter_card":"summary_large_image","schema":{"@context":"https:\/\/schema.org","@graph":[{"@type":"WebPage","@id":"https:\/\/motron-motorcycles.com\/fr\/afk-challenge\/","url":"https:\/\/motron-motorcycles.com\/fr\/afk-challenge\/","name":"AFK Challenge - Motron Motorcycles","isPartOf":{"@id":"https:\/\/motron-motorcycles.com\/#website"},"datePublished":"2021-09-09T09:17:21+00:00","dateModified":"2021-10-22T06:56:49+00:00","breadcrumb":{"@id":"https:\/\/motron-motorcycles.com\/fr\/afk-challenge\/#breadcrumb"},"inLanguage":"fr-FR","potentialAction":[{"@type":"ReadAction","target":["https:\/\/motron-motorcycles.com\/fr\/afk-challenge\/"]}]},{"@type":"BreadcrumbList","@id":"https:\/\/motron-motorcycles.com\/fr\/afk-challenge\/#breadcrumb","itemListElement":[{"@type":"ListItem","position":1,"name":"Home","item":"https:\/\/motron-motorcycles.com\/fr\/"},{"@type":"ListItem","position":2,"name":"AFK Challenge"}]},{"@type":"WebSite","@id":"https:\/\/motron-motorcycles.com\/#website","url":"https:\/\/motron-motorcycles.com\/","name":"Motron Motorcycles","description":"Motron Motorcycles - Get out there!","potentialAction":[{"@type":"SearchAction","target":{"@type":"EntryPoint","urlTemplate":"https:\/\/motron-motorcycles.com\/?s={search_term_string}"},"query-input":{"@type":"PropertyValueSpecification","valueRequired":true,"valueName":"search_term_string"}}],"inLanguage":"fr-FR"}]}},"_links":{"self":[{"href":"https:\/\/motron-motorcycles.com\/fr\/wp-json\/wp\/v2\/pages\/3664","targetHints":{"allow":["GET"]}}],"collection":[{"href":"https:\/\/motron-motorcycles.com\/fr\/wp-json\/wp\/v2\/pages"}],"about":[{"href":"https:\/\/motron-motorcycles.com\/fr\/wp-json\/wp\/v2\/types\/page"}],"author":[{"embeddable":true,"href":"https:\/\/motron-motorcycles.com\/fr\/wp-json\/wp\/v2\/users\/2"}],"replies":[{"embeddable":true,"href":"https:\/\/motron-motorcycles.com\/fr\/wp-json\/wp\/v2\/comments?post=3664"}],"version-history":[{"count":22,"href":"https:\/\/motron-motorcycles.com\/fr\/wp-json\/wp\/v2\/pages\/3664\/revisions"}],"predecessor-version":[{"id":5264,"href":"https:\/\/motron-motorcycles.com\/fr\/wp-json\/wp\/v2\/pages\/3664\/revisions\/5264"}],"wp:attachment":[{"href":"https:\/\/motron-motorcycles.com\/fr\/wp-json\/wp\/v2\/media?parent=3664"}],"curies":[{"name":"wp","href":"https:\/\/api.w.org\/{rel}","templated":true}]}}