{"id":1099,"date":"2021-02-05T11:45:24","date_gmt":"2021-02-05T11:45:24","guid":{"rendered":"https:\/\/motron-motorcycles.com\/home\/"},"modified":"2021-11-10T12:08:30","modified_gmt":"2021-11-10T12:08:30","slug":"home","status":"publish","type":"page","link":"https:\/\/motron-motorcycles.com\/fr_ch\/","title":{"rendered":"Home Page"},"content":{"rendered":"","protected":false},"excerpt":{"rendered":"","protected":false},"author":1,"featured_media":0,"parent":0,"menu_order":121,"comment_status":"closed","ping_status":"closed","template":"template-home.php","meta":{"_acf_changed":false,"ngg_post_thumbnail":0,"footnotes":""},"class_list":["post-1099","page","type-page","status-publish","hentry"],"acf":{"content_loop":[{"acf_fc_layout":"key_visual","image":{"ID":4920,"id":4920,"title":"Motron_KeyVisual_categories_Header","filename":"Motron_KeyVisual_categories_Header.jpg","filesize":299393,"url":"https:\/\/motron-motorcycles.com\/wp-content\/uploads\/2021\/09\/Motron_KeyVisual_categories_Header.jpg","link":"https:\/\/motron-motorcycles.com\/fr_ch\/home\/motron_keyvisual_categories_header-2\/","alt":"ZK Outlet GmbH","author":"2","description":"","caption":"","name":"motron_keyvisual_categories_header-2","status":"inherit","uploaded_to":1099,"date":"2021-09-23 14:38:47","modified":"2023-01-10 09:47:12","menu_order":0,"mime_type":"image\/jpeg","type":"image","subtype":"jpeg","icon":"https:\/\/motron-motorcycles.com\/wp-includes\/images\/media\/default.png","width":2000,"height":1414,"sizes":{"thumbnail":"https:\/\/motron-motorcycles.com\/wp-content\/uploads\/2021\/09\/Motron_KeyVisual_categories_Header-150x150.jpg","thumbnail-width":150,"thumbnail-height":150,"medium":"https:\/\/motron-motorcycles.com\/wp-content\/uploads\/2021\/09\/Motron_KeyVisual_categories_Header-300x212.jpg","medium-width":300,"medium-height":212,"medium_large":"https:\/\/motron-motorcycles.com\/wp-content\/uploads\/2021\/09\/Motron_KeyVisual_categories_Header-768x543.jpg","medium_large-width":640,"medium_large-height":453,"large":"https:\/\/motron-motorcycles.com\/wp-content\/uploads\/2021\/09\/Motron_KeyVisual_categories_Header-1024x724.jpg","large-width":640,"large-height":453,"1536x1536":"https:\/\/motron-motorcycles.com\/wp-content\/uploads\/2021\/09\/Motron_KeyVisual_categories_Header-1536x1086.jpg","1536x1536-width":1536,"1536x1536-height":1086,"2048x2048":"https:\/\/motron-motorcycles.com\/wp-content\/uploads\/2021\/09\/Motron_KeyVisual_categories_Header.jpg","2048x2048-width":2000,"2048x2048-height":1414}},"image_portrait":{"ID":4920,"id":4920,"title":"Motron_KeyVisual_categories_Header","filename":"Motron_KeyVisual_categories_Header.jpg","filesize":299393,"url":"https:\/\/motron-motorcycles.com\/wp-content\/uploads\/2021\/09\/Motron_KeyVisual_categories_Header.jpg","link":"https:\/\/motron-motorcycles.com\/fr_ch\/home\/motron_keyvisual_categories_header-2\/","alt":"ZK Outlet GmbH","author":"2","description":"","caption":"","name":"motron_keyvisual_categories_header-2","status":"inherit","uploaded_to":1099,"date":"2021-09-23 14:38:47","modified":"2023-01-10 09:47:12","menu_order":0,"mime_type":"image\/jpeg","type":"image","subtype":"jpeg","icon":"https:\/\/motron-motorcycles.com\/wp-includes\/images\/media\/default.png","width":2000,"height":1414,"sizes":{"thumbnail":"https:\/\/motron-motorcycles.com\/wp-content\/uploads\/2021\/09\/Motron_KeyVisual_categories_Header-150x150.jpg","thumbnail-width":150,"thumbnail-height":150,"medium":"https:\/\/motron-motorcycles.com\/wp-content\/uploads\/2021\/09\/Motron_KeyVisual_categories_Header-300x212.jpg","medium-width":300,"medium-height":212,"medium_large":"https:\/\/motron-motorcycles.com\/wp-content\/uploads\/2021\/09\/Motron_KeyVisual_categories_Header-768x543.jpg","medium_large-width":640,"medium_large-height":453,"large":"https:\/\/motron-motorcycles.com\/wp-content\/uploads\/2021\/09\/Motron_KeyVisual_categories_Header-1024x724.jpg","large-width":640,"large-height":453,"1536x1536":"https:\/\/motron-motorcycles.com\/wp-content\/uploads\/2021\/09\/Motron_KeyVisual_categories_Header-1536x1086.jpg","1536x1536-width":1536,"1536x1536-height":1086,"2048x2048":"https:\/\/motron-motorcycles.com\/wp-content\/uploads\/2021\/09\/Motron_KeyVisual_categories_Header.jpg","2048x2048-width":2000,"2048x2048-height":1414}}},{"acf_fc_layout":"intro_text","left_column":"<h2>GET<br \/>\nOUT<br \/>\nTHERE.<\/h2>\n","right_column":"<p>Ne vous contentez pas d&#8217;\u00eatre un simple passager toute votre vie. N&#8217;attendez pas en permanence que quelque chose d&#8217;exceptionnel se produise. Avec Motron, ce n&#8217;est plus le trajet qui vous guide, mais c&#8217;est vous qui prenez les commandes. Alors, envoyez une premi\u00e8re dose d&#8217;adr\u00e9naline et pr\u00e9parez-vous \u00e0 oublier ce que veut dire le mot &#8220;ennui&#8221;.<\/p>\n<div data-tid=\"messageBodyContainer\">\n<div data-tid=\"messageBodyContent\">\n<div><\/div>\n<div>Chaque acc\u00e9l\u00e9ration est un condens\u00e9 d&#8217;aventure. Echappez-vous. Ne pr\u00e9venez personne. Allez vous perdre dans de nouveaux endroits. <strong>Get out there.\u00a0<\/strong><\/div>\n<\/div>\n<\/div>\n","left_cta":"","right_cta":{"title":"Contactez-nous","url":"https:\/\/motron-motorcycles.com\/fr_ch\/contact\/","target":""}}],"range_title":"La <br \/>\r\ngamme","video_background":false,"footer_video":""},"yoast_head":"<!-- This site is optimized with the Yoast SEO plugin v26.7 - https:\/\/yoast.com\/wordpress\/plugins\/seo\/ -->\n<title>Motron Motorcycles<\/title>\n<meta name=\"description\" content=\"Chaque acc\u00e9l\u00e9ration est un condens\u00e9 d\u2019aventure. Echappez-vous. Ne pr\u00e9venez personne. Allez vous perdre dans de nouveaux endroits. Get out there.\" \/>\n<meta name=\"robots\" content=\"index, follow, max-snippet:-1, max-image-preview:large, max-video-preview:-1\" \/>\n<link rel=\"canonical\" href=\"https:\/\/motron-motorcycles.com\/fr_ch\/\" \/>\n<meta property=\"og:locale\" content=\"fr_FR\" \/>\n<meta property=\"og:type\" content=\"article\" \/>\n<meta property=\"og:title\" content=\"Motron Motorcycles\" \/>\n<meta property=\"og:description\" content=\"Chaque acc\u00e9l\u00e9ration est un condens\u00e9 d\u2019aventure. Echappez-vous. Ne pr\u00e9venez personne. Allez vous perdre dans de nouveaux endroits. Get out there.\" \/>\n<meta property=\"og:url\" content=\"https:\/\/motron-motorcycles.com\/fr_ch\/\" \/>\n<meta property=\"og:site_name\" content=\"Motron Motorcycles\" \/>\n<meta property=\"article:modified_time\" content=\"2021-11-10T12:08:30+00:00\" \/>\n<meta property=\"og:image\" content=\"https:\/\/motron-motorcycles.com\/wp-content\/uploads\/2021\/02\/Motron_Key_allversions_blackseats-web.jpg\" \/>\n\t<meta property=\"og:image:width\" content=\"2000\" \/>\n\t<meta property=\"og:image:height\" content=\"1414\" \/>\n\t<meta property=\"og:image:type\" content=\"image\/jpeg\" \/>\n<meta name=\"twitter:card\" content=\"summary_large_image\" \/>\n<meta name=\"twitter:title\" content=\"Motron Motorcycles\" \/>\n<meta name=\"twitter:description\" content=\"Chaque acc\u00e9l\u00e9ration est un condens\u00e9 d\u2019aventure. Echappez-vous. Ne pr\u00e9venez personne. Allez vous perdre dans de nouveaux endroits. Get out there.\" \/>\n<script type=\"application\/ld+json\" class=\"yoast-schema-graph\">{\"@context\":\"https:\/\/schema.org\",\"@graph\":[{\"@type\":\"WebPage\",\"@id\":\"https:\/\/motron-motorcycles.com\/fr_ch\/\",\"url\":\"https:\/\/motron-motorcycles.com\/fr_ch\/\",\"name\":\"Motron Motorcycles\",\"isPartOf\":{\"@id\":\"https:\/\/motron-motorcycles.com\/#website\"},\"datePublished\":\"2021-02-05T11:45:24+00:00\",\"dateModified\":\"2021-11-10T12:08:30+00:00\",\"description\":\"Chaque acc\u00e9l\u00e9ration est un condens\u00e9 d\u2019aventure. Echappez-vous. Ne pr\u00e9venez personne. Allez vous perdre dans de nouveaux endroits. Get out there.\",\"breadcrumb\":{\"@id\":\"https:\/\/motron-motorcycles.com\/fr_ch\/#breadcrumb\"},\"inLanguage\":\"fr-CH\",\"potentialAction\":[{\"@type\":\"ReadAction\",\"target\":[\"https:\/\/motron-motorcycles.com\/fr_ch\/\"]}]},{\"@type\":\"BreadcrumbList\",\"@id\":\"https:\/\/motron-motorcycles.com\/fr_ch\/#breadcrumb\",\"itemListElement\":[{\"@type\":\"ListItem\",\"position\":1,\"name\":\"Home\",\"item\":\"https:\/\/motron-motorcycles.com\/fr_ch\/\"},{\"@type\":\"ListItem\",\"position\":2,\"name\":\"Home Page\"}]},{\"@type\":\"WebSite\",\"@id\":\"https:\/\/motron-motorcycles.com\/#website\",\"url\":\"https:\/\/motron-motorcycles.com\/\",\"name\":\"Motron Motorcycles\",\"description\":\"Motron Motorcycles - Get out there!\",\"potentialAction\":[{\"@type\":\"SearchAction\",\"target\":{\"@type\":\"EntryPoint\",\"urlTemplate\":\"https:\/\/motron-motorcycles.com\/?s={search_term_string}\"},\"query-input\":{\"@type\":\"PropertyValueSpecification\",\"valueRequired\":true,\"valueName\":\"search_term_string\"}}],\"inLanguage\":\"fr-CH\"}]}<\/script>\n<!-- \/ Yoast SEO plugin. -->","yoast_head_json":{"title":"Motron Motorcycles","description":"Chaque acc\u00e9l\u00e9ration est un condens\u00e9 d\u2019aventure. Echappez-vous. Ne pr\u00e9venez personne. Allez vous perdre dans de nouveaux endroits. Get out there.","robots":{"index":"index","follow":"follow","max-snippet":"max-snippet:-1","max-image-preview":"max-image-preview:large","max-video-preview":"max-video-preview:-1"},"canonical":"https:\/\/motron-motorcycles.com\/fr_ch\/","og_locale":"fr_FR","og_type":"article","og_title":"Motron Motorcycles","og_description":"Chaque acc\u00e9l\u00e9ration est un condens\u00e9 d\u2019aventure. Echappez-vous. Ne pr\u00e9venez personne. Allez vous perdre dans de nouveaux endroits. Get out there.","og_url":"https:\/\/motron-motorcycles.com\/fr_ch\/","og_site_name":"Motron Motorcycles","article_modified_time":"2021-11-10T12:08:30+00:00","og_image":[{"width":2000,"height":1414,"url":"https:\/\/motron-motorcycles.com\/wp-content\/uploads\/2021\/02\/Motron_Key_allversions_blackseats-web.jpg","type":"image\/jpeg"}],"twitter_card":"summary_large_image","twitter_title":"Motron Motorcycles","twitter_description":"Chaque acc\u00e9l\u00e9ration est un condens\u00e9 d\u2019aventure. Echappez-vous. Ne pr\u00e9venez personne. Allez vous perdre dans de nouveaux endroits. Get out there.","schema":{"@context":"https:\/\/schema.org","@graph":[{"@type":"WebPage","@id":"https:\/\/motron-motorcycles.com\/fr_ch\/","url":"https:\/\/motron-motorcycles.com\/fr_ch\/","name":"Motron Motorcycles","isPartOf":{"@id":"https:\/\/motron-motorcycles.com\/#website"},"datePublished":"2021-02-05T11:45:24+00:00","dateModified":"2021-11-10T12:08:30+00:00","description":"Chaque acc\u00e9l\u00e9ration est un condens\u00e9 d\u2019aventure. Echappez-vous. Ne pr\u00e9venez personne. Allez vous perdre dans de nouveaux endroits. Get out there.","breadcrumb":{"@id":"https:\/\/motron-motorcycles.com\/fr_ch\/#breadcrumb"},"inLanguage":"fr-CH","potentialAction":[{"@type":"ReadAction","target":["https:\/\/motron-motorcycles.com\/fr_ch\/"]}]},{"@type":"BreadcrumbList","@id":"https:\/\/motron-motorcycles.com\/fr_ch\/#breadcrumb","itemListElement":[{"@type":"ListItem","position":1,"name":"Home","item":"https:\/\/motron-motorcycles.com\/fr_ch\/"},{"@type":"ListItem","position":2,"name":"Home Page"}]},{"@type":"WebSite","@id":"https:\/\/motron-motorcycles.com\/#website","url":"https:\/\/motron-motorcycles.com\/","name":"Motron Motorcycles","description":"Motron Motorcycles - Get out there!","potentialAction":[{"@type":"SearchAction","target":{"@type":"EntryPoint","urlTemplate":"https:\/\/motron-motorcycles.com\/?s={search_term_string}"},"query-input":{"@type":"PropertyValueSpecification","valueRequired":true,"valueName":"search_term_string"}}],"inLanguage":"fr-CH"}]}},"_links":{"self":[{"href":"https:\/\/motron-motorcycles.com\/fr_ch\/wp-json\/wp\/v2\/pages\/1099","targetHints":{"allow":["GET"]}}],"collection":[{"href":"https:\/\/motron-motorcycles.com\/fr_ch\/wp-json\/wp\/v2\/pages"}],"about":[{"href":"https:\/\/motron-motorcycles.com\/fr_ch\/wp-json\/wp\/v2\/types\/page"}],"author":[{"embeddable":true,"href":"https:\/\/motron-motorcycles.com\/fr_ch\/wp-json\/wp\/v2\/users\/1"}],"replies":[{"embeddable":true,"href":"https:\/\/motron-motorcycles.com\/fr_ch\/wp-json\/wp\/v2\/comments?post=1099"}],"version-history":[{"count":7,"href":"https:\/\/motron-motorcycles.com\/fr_ch\/wp-json\/wp\/v2\/pages\/1099\/revisions"}],"predecessor-version":[{"id":5631,"href":"https:\/\/motron-motorcycles.com\/fr_ch\/wp-json\/wp\/v2\/pages\/1099\/revisions\/5631"}],"wp:attachment":[{"href":"https:\/\/motron-motorcycles.com\/fr_ch\/wp-json\/wp\/v2\/media?parent=1099"}],"curies":[{"name":"wp","href":"https:\/\/api.w.org\/{rel}","templated":true}]}}