{"id":3666,"date":"2021-09-09T09:17:21","date_gmt":"2021-09-09T09:17:21","guid":{"rendered":"https:\/\/motron-motorcycles.com\/afk-challenge\/"},"modified":"2021-12-14T06:51:11","modified_gmt":"2021-12-14T06:51:11","slug":"afk-challenge","status":"publish","type":"page","link":"https:\/\/motron-motorcycles.com\/it\/afk-challenge\/","title":{"rendered":"AFK Challenge"},"content":{"rendered":"","protected":false},"excerpt":{"rendered":"","protected":false},"author":2,"featured_media":0,"parent":0,"menu_order":15,"comment_status":"closed","ping_status":"closed","template":"","meta":{"_acf_changed":false,"ngg_post_thumbnail":0,"footnotes":""},"class_list":["post-3666","page","type-page","status-publish","hentry"],"acf":{"content_loop":[{"acf_fc_layout":"key_visual","image":{"ID":3518,"id":3518,"title":"AFK_Motron_KeyVisual_X-Nord_2000x885_b","filename":"AFK_Motron_KeyVisual_X-Nord_2000x885_b.jpg","filesize":239596,"url":"https:\/\/motron-motorcycles.com\/wp-content\/uploads\/2021\/09\/AFK_Motron_KeyVisual_X-Nord_2000x885_b.jpg","link":"https:\/\/motron-motorcycles.com\/it\/afk-challenge\/afk_motron_keyvisual_x-nord_2000x885_b\/","alt":"Motron The AFK Challenge","author":"2","description":"","caption":"","name":"afk_motron_keyvisual_x-nord_2000x885_b","status":"inherit","uploaded_to":3448,"date":"2021-09-10 07:09:37","modified":"2022-11-23 12:29:11","menu_order":0,"mime_type":"image\/jpeg","type":"image","subtype":"jpeg","icon":"https:\/\/motron-motorcycles.com\/wp-includes\/images\/media\/default.png","width":2000,"height":885,"sizes":{"thumbnail":"https:\/\/motron-motorcycles.com\/wp-content\/uploads\/2021\/09\/AFK_Motron_KeyVisual_X-Nord_2000x885_b-150x150.jpg","thumbnail-width":150,"thumbnail-height":150,"medium":"https:\/\/motron-motorcycles.com\/wp-content\/uploads\/2021\/09\/AFK_Motron_KeyVisual_X-Nord_2000x885_b-300x133.jpg","medium-width":300,"medium-height":133,"medium_large":"https:\/\/motron-motorcycles.com\/wp-content\/uploads\/2021\/09\/AFK_Motron_KeyVisual_X-Nord_2000x885_b-768x340.jpg","medium_large-width":640,"medium_large-height":283,"large":"https:\/\/motron-motorcycles.com\/wp-content\/uploads\/2021\/09\/AFK_Motron_KeyVisual_X-Nord_2000x885_b-1024x453.jpg","large-width":640,"large-height":283,"1536x1536":"https:\/\/motron-motorcycles.com\/wp-content\/uploads\/2021\/09\/AFK_Motron_KeyVisual_X-Nord_2000x885_b-1536x680.jpg","1536x1536-width":1536,"1536x1536-height":680,"2048x2048":"https:\/\/motron-motorcycles.com\/wp-content\/uploads\/2021\/09\/AFK_Motron_KeyVisual_X-Nord_2000x885_b.jpg","2048x2048-width":2000,"2048x2048-height":885}},"image_portrait":{"ID":3837,"id":3837,"title":"Motron_AFK_animation","filename":"Motron_AFK_animation-1.jpg","filesize":66694,"url":"https:\/\/motron-motorcycles.com\/wp-content\/uploads\/2021\/09\/Motron_AFK_animation-1.jpg","link":"https:\/\/motron-motorcycles.com\/it\/home\/motron_afk_animation-2-2\/","alt":"Motron The AFK Challenge","author":"2","description":"","caption":"","name":"motron_afk_animation-2-2","status":"inherit","uploaded_to":712,"date":"2021-09-21 11:28:36","modified":"2022-11-23 12:28:37","menu_order":0,"mime_type":"image\/jpeg","type":"image","subtype":"jpeg","icon":"https:\/\/motron-motorcycles.com\/wp-includes\/images\/media\/default.png","width":600,"height":1000,"sizes":{"thumbnail":"https:\/\/motron-motorcycles.com\/wp-content\/uploads\/2021\/09\/Motron_AFK_animation-1-150x150.jpg","thumbnail-width":150,"thumbnail-height":150,"medium":"https:\/\/motron-motorcycles.com\/wp-content\/uploads\/2021\/09\/Motron_AFK_animation-1-180x300.jpg","medium-width":180,"medium-height":300,"medium_large":"https:\/\/motron-motorcycles.com\/wp-content\/uploads\/2021\/09\/Motron_AFK_animation-1.jpg","medium_large-width":600,"medium_large-height":1000,"large":"https:\/\/motron-motorcycles.com\/wp-content\/uploads\/2021\/09\/Motron_AFK_animation-1.jpg","large-width":600,"large-height":1000,"1536x1536":"https:\/\/motron-motorcycles.com\/wp-content\/uploads\/2021\/09\/Motron_AFK_animation-1.jpg","1536x1536-width":600,"1536x1536-height":1000,"2048x2048":"https:\/\/motron-motorcycles.com\/wp-content\/uploads\/2021\/09\/Motron_AFK_animation-1.jpg","2048x2048-width":600,"2048x2048-height":1000}}},{"acf_fc_layout":"intro_text","left_column":"<h1>Let\u2019s play: AFK<\/h1>\n","right_column":"<h4>The Game is on \u2013 Get out there.<\/h4>\n<p>Certo, anche noi di Motron Motorcycles sappiamo che una vita totalmente \u201caway from Keyboard\u201d (= lontano dalla tastiera) non \u00e8 affatto vita. Ma anche nella [Real Life\/AFK] ti aspetta un grandioso Open World, tutto da esplorare. Unisciti ai tuoi compagni di gioco e scopri un nuovo mondo in sella alla tua Motron!<\/p>\n<p>Siamo stati tutti novellini prima o poi. Registrati ora, ottieni il tuo codice promozionale per ricevere una \u201cGoodie Bag\u201d gratuita con l\u2019acquisto di una Motron e rimani aggiornato sulle ultime novit\u00e0 di Motron Motorcycles \u2013 in tempo reale.<\/p>\n","left_cta":"","right_cta":{"title":"Iscriviti ora","url":"https:\/\/motron-motorcycles.com\/it\/afk-challenge-sign-up\/","target":""}},{"acf_fc_layout":"intro_text","left_column":"<p><center><img decoding=\"async\" class=\"alignnone size-medium wp-image-3487\" src=\"https:\/\/motron-motorcycles.com\/wp-content\/uploads\/2021\/09\/MicrosoftTeams-image-12-scaled.jpg\" alt=\"\" width=\"100%\" height=\"100%\" \/><\/center><\/p>\n<div>Le foto non sono vincolanti. Il design dei gadget Motron pu\u00f2 essere soggetto a modifiche.<\/div>\n<p>&nbsp;<\/p>\n","right_column":"<p>&nbsp;<\/p>\n<h3><strong>Let\u2019s play \u2013 get out there!<\/strong><\/h3>\n<p>Partecipa all\u2019AFK-Challenge e ottieni la tua \u201cGoodie Bag\u201d gratuita con l\u2019acquisto di una Motron.*<\/p>\n<p>Nella borsa troverai: felpa, berretto e portachiavi brandizzati Motron Motorcycles.<\/p>\n","left_cta":"","right_cta":{"title":"Iscriviti ora","url":"https:\/\/motron-motorcycles.com\/it\/afk-challenge-sign-up\/","target":""}},{"acf_fc_layout":"intro_text","left_column":"<p><center><img decoding=\"async\" class=\"alignnone size-medium wp-image-486\" src=\"https:\/\/motron-motorcycles.com\/wp-content\/uploads\/2021\/09\/MicrosoftTeams-image-18.jpg\" alt=\"Motron Motorcycles - X-Nord 125\" width=\"100%\" height=\"100%\" \/><\/center><\/p>\n","right_column":"<h3>Motron X-Nord<\/h3>\n<p>La X-Nord 125 \u00e8 l\u2019antidoto al sentirsi bloccati in casa. Costruita con un telaio aggressivo e moderno, ti sfida a scappare lungo le strade di citt\u00e0 o di campagna ogni volta che ne hai la possibilit\u00e0. Ovunque andrai, non sprecherai pi\u00f9 un altro fine settimana.<\/p>\n","left_cta":"","right_cta":{"title":"Scopri di pi\u00f9","url":"https:\/\/motron-motorcycles.com\/it\/models\/x-nord-125\/","target":""}},{"acf_fc_layout":"intro_text","left_column":"<p><center><img decoding=\"async\" class=\"alignnone size-medium wp-image-486\" src=\"https:\/\/motron-motorcycles.com\/wp-content\/uploads\/2021\/09\/MicrosoftTeams-image-17.jpg\" alt=\"Motron Motorcycles - X-Nord 125\" width=\"100%\" height=\"100%\" \/><\/center><\/p>\n","right_column":"<h3>Motron Voltz<\/h3>\n<p>Con un motore Bosch da 2000W e batterie Samsung rimovibili, Voltz ti assicura che non dovrai mai pi\u00f9 fare affidamento sui mezzi pubblici. Con un\u2019autonomia di 49 km, sufficiente a dominare qualsiasi citt\u00e0, le tue avventure urbane possono prendere tutte le svolte che vuoi.<\/p>\n","left_cta":"","right_cta":{"title":"Scopri di pi\u00f9","url":"https:\/\/motron-motorcycles.com\/it\/models\/voltz\/","target":""}},{"acf_fc_layout":"text_section","text":"<p>*Promotion valid in Italy in the promotion period from 24.10. &#8211; 31.11.2021, until revoked. OPPORTUNITY to receive a free Motron goodie bag (consisting of hoodie, scarf, cap, bag, lanyard) with the purchase of any Motron model made between 24.10. and 31.11.2021, while stocks last. There is no entitlement to receive the desired size of hoodie. Data must be submitted until 15.12.2021, 23:59. The promotion cannot be redeemed for cash or combined with other promotions. The legal process is excluded.<\/p>\n","background_colour":"background-black"}]},"yoast_head":"<!-- This site is optimized with the Yoast SEO plugin v26.9 - https:\/\/yoast.com\/product\/yoast-seo-wordpress\/ -->\n<title>AFK Challenge - Motron Motorcycles<\/title>\n<meta name=\"robots\" content=\"index, follow, max-snippet:-1, max-image-preview:large, max-video-preview:-1\" \/>\n<link rel=\"canonical\" href=\"https:\/\/motron-motorcycles.com\/it\/afk-challenge\/\" \/>\n<meta property=\"og:locale\" content=\"it_IT\" \/>\n<meta property=\"og:type\" content=\"article\" \/>\n<meta property=\"og:title\" content=\"AFK Challenge - Motron Motorcycles\" \/>\n<meta property=\"og:url\" content=\"https:\/\/motron-motorcycles.com\/it\/afk-challenge\/\" \/>\n<meta property=\"og:site_name\" content=\"Motron Motorcycles\" \/>\n<meta property=\"article:modified_time\" content=\"2021-12-14T06:51:11+00:00\" \/>\n<meta name=\"twitter:card\" content=\"summary_large_image\" \/>\n<script type=\"application\/ld+json\" class=\"yoast-schema-graph\">{\"@context\":\"https:\/\/schema.org\",\"@graph\":[{\"@type\":\"WebPage\",\"@id\":\"https:\/\/motron-motorcycles.com\/it\/afk-challenge\/\",\"url\":\"https:\/\/motron-motorcycles.com\/it\/afk-challenge\/\",\"name\":\"AFK Challenge - Motron Motorcycles\",\"isPartOf\":{\"@id\":\"https:\/\/motron-motorcycles.com\/#website\"},\"datePublished\":\"2021-09-09T09:17:21+00:00\",\"dateModified\":\"2021-12-14T06:51:11+00:00\",\"breadcrumb\":{\"@id\":\"https:\/\/motron-motorcycles.com\/it\/afk-challenge\/#breadcrumb\"},\"inLanguage\":\"it-IT\",\"potentialAction\":[{\"@type\":\"ReadAction\",\"target\":[\"https:\/\/motron-motorcycles.com\/it\/afk-challenge\/\"]}]},{\"@type\":\"BreadcrumbList\",\"@id\":\"https:\/\/motron-motorcycles.com\/it\/afk-challenge\/#breadcrumb\",\"itemListElement\":[{\"@type\":\"ListItem\",\"position\":1,\"name\":\"Home\",\"item\":\"https:\/\/motron-motorcycles.com\/it\/\"},{\"@type\":\"ListItem\",\"position\":2,\"name\":\"AFK Challenge\"}]},{\"@type\":\"WebSite\",\"@id\":\"https:\/\/motron-motorcycles.com\/#website\",\"url\":\"https:\/\/motron-motorcycles.com\/\",\"name\":\"Motron Motorcycles\",\"description\":\"Motron Motorcycles - Get out there!\",\"potentialAction\":[{\"@type\":\"SearchAction\",\"target\":{\"@type\":\"EntryPoint\",\"urlTemplate\":\"https:\/\/motron-motorcycles.com\/?s={search_term_string}\"},\"query-input\":{\"@type\":\"PropertyValueSpecification\",\"valueRequired\":true,\"valueName\":\"search_term_string\"}}],\"inLanguage\":\"it-IT\"}]}<\/script>\n<!-- \/ Yoast SEO plugin. -->","yoast_head_json":{"title":"AFK Challenge - Motron Motorcycles","robots":{"index":"index","follow":"follow","max-snippet":"max-snippet:-1","max-image-preview":"max-image-preview:large","max-video-preview":"max-video-preview:-1"},"canonical":"https:\/\/motron-motorcycles.com\/it\/afk-challenge\/","og_locale":"it_IT","og_type":"article","og_title":"AFK Challenge - Motron Motorcycles","og_url":"https:\/\/motron-motorcycles.com\/it\/afk-challenge\/","og_site_name":"Motron Motorcycles","article_modified_time":"2021-12-14T06:51:11+00:00","twitter_card":"summary_large_image","schema":{"@context":"https:\/\/schema.org","@graph":[{"@type":"WebPage","@id":"https:\/\/motron-motorcycles.com\/it\/afk-challenge\/","url":"https:\/\/motron-motorcycles.com\/it\/afk-challenge\/","name":"AFK Challenge - Motron Motorcycles","isPartOf":{"@id":"https:\/\/motron-motorcycles.com\/#website"},"datePublished":"2021-09-09T09:17:21+00:00","dateModified":"2021-12-14T06:51:11+00:00","breadcrumb":{"@id":"https:\/\/motron-motorcycles.com\/it\/afk-challenge\/#breadcrumb"},"inLanguage":"it-IT","potentialAction":[{"@type":"ReadAction","target":["https:\/\/motron-motorcycles.com\/it\/afk-challenge\/"]}]},{"@type":"BreadcrumbList","@id":"https:\/\/motron-motorcycles.com\/it\/afk-challenge\/#breadcrumb","itemListElement":[{"@type":"ListItem","position":1,"name":"Home","item":"https:\/\/motron-motorcycles.com\/it\/"},{"@type":"ListItem","position":2,"name":"AFK Challenge"}]},{"@type":"WebSite","@id":"https:\/\/motron-motorcycles.com\/#website","url":"https:\/\/motron-motorcycles.com\/","name":"Motron Motorcycles","description":"Motron Motorcycles - Get out there!","potentialAction":[{"@type":"SearchAction","target":{"@type":"EntryPoint","urlTemplate":"https:\/\/motron-motorcycles.com\/?s={search_term_string}"},"query-input":{"@type":"PropertyValueSpecification","valueRequired":true,"valueName":"search_term_string"}}],"inLanguage":"it-IT"}]}},"_links":{"self":[{"href":"https:\/\/motron-motorcycles.com\/it\/wp-json\/wp\/v2\/pages\/3666","targetHints":{"allow":["GET"]}}],"collection":[{"href":"https:\/\/motron-motorcycles.com\/it\/wp-json\/wp\/v2\/pages"}],"about":[{"href":"https:\/\/motron-motorcycles.com\/it\/wp-json\/wp\/v2\/types\/page"}],"author":[{"embeddable":true,"href":"https:\/\/motron-motorcycles.com\/it\/wp-json\/wp\/v2\/users\/2"}],"replies":[{"embeddable":true,"href":"https:\/\/motron-motorcycles.com\/it\/wp-json\/wp\/v2\/comments?post=3666"}],"version-history":[{"count":18,"href":"https:\/\/motron-motorcycles.com\/it\/wp-json\/wp\/v2\/pages\/3666\/revisions"}],"predecessor-version":[{"id":6110,"href":"https:\/\/motron-motorcycles.com\/it\/wp-json\/wp\/v2\/pages\/3666\/revisions\/6110"}],"wp:attachment":[{"href":"https:\/\/motron-motorcycles.com\/it\/wp-json\/wp\/v2\/media?parent=3666"}],"curies":[{"name":"wp","href":"https:\/\/api.w.org\/{rel}","templated":true}]}}